{"id":4549,"date":"2021-01-09T12:49:34","date_gmt":"2021-01-09T17:49:34","guid":{"rendered":"https:\/\/gpsites.co\/search\/?page_id=500"},"modified":"2025-02-18T09:22:57","modified_gmt":"2025-02-18T08:22:57","slug":"contacto","status":"publish","type":"page","link":"https:\/\/eimediacion.edu.es\/eng\/contacto\/","title":{"rendered":"Contact"},"content":{"rendered":"<div class=\"gb-container gb-container-fe9f7b9d alignfull\"><div class=\"gb-inside-container\">\n<div class=\"gb-container gb-container-41eb6c06\"><div class=\"gb-inside-container\">\n\n<div style=\"height:45px\" aria-hidden=\"true\" class=\"wp-block-spacer\"><\/div>\n\n\n\n<div class=\"wp-block-columns is-layout-flex wp-container-core-columns-is-layout-9d6595d7 wp-block-columns-is-layout-flex\">\n<div class=\"wp-block-column is-vertically-aligned-center is-layout-flow wp-block-column-is-layout-flow\">\n<h2 class=\"wp-block-heading has-text-align-center alturaLinea has-base-3-color has-text-color\" style=\"font-size:3em;letter-spacing:-3px;text-transform:none\"><strong>Solicita informaci\u00f3n <span style=\"background-image: linear-gradient(61deg,#ffffff,#a92a3d);background-repeat: no-repeat;background-position: 0px bottom;background-size: 100% 7px;border-radius: 17px;\">EIM<\/span><\/strong><\/h2>\n<\/div>\n\n\n\n<div class=\"wp-block-column is-layout-flow wp-block-column-is-layout-flow\"><div class=\"wp-block-image\">\n<figure class=\"aligncenter size-full is-resized\"><img loading=\"lazy\" decoding=\"async\" width=\"718\" height=\"189\" src=\"https:\/\/eimediacion.edu.es\/wp-content\/uploads\/2021\/04\/logo-eim-webinar.png\" alt=\"\" class=\"wp-image-23723\" style=\"width:312px;height:83px\" title=\"\" srcset=\"https:\/\/eimediacion.edu.es\/wp-content\/uploads\/2021\/04\/logo-eim-webinar.png 718w, https:\/\/eimediacion.edu.es\/wp-content\/uploads\/2021\/04\/logo-eim-webinar-376x99.png 376w, https:\/\/eimediacion.edu.es\/wp-content\/uploads\/2021\/04\/logo-eim-webinar-678x178.png 678w\" sizes=\"auto, (max-width: 718px) 100vw, 718px\" \/><\/figure>\n<\/div><\/div>\n<\/div>\n\n<\/div><\/div>\n<\/div><\/div>\n\n<div class=\"gb-container gb-container-4c6dd4be\"><div class=\"gb-inside-container\">\n<div class=\"gb-grid-wrapper gb-grid-wrapper-73c7cba1\">\n<div class=\"gb-grid-column gb-grid-column-e022ccd3\"><div class=\"gb-container gb-container-e022ccd3\"><div class=\"gb-inside-container\">\n\n<h2 class=\"gb-headline gb-headline-52c18e1d gb-headline-text\"><br><strong>Solicita informaci\u00f3n<\/strong><\/h2>\n\n\n<div class=\"gb-grid-wrapper gb-grid-wrapper-3f2b0f05\">\n<div class=\"gb-grid-column gb-grid-column-f90d0a6e\"><div class=\"gb-container gb-container-f90d0a6e\">\n\n<h3 class=\"wp-block-heading has-text-align-center has-text-color\" id=\"quieres-convertirte-en-mediador-a\" style=\"color:#8f2d3b;font-size:23px\">\u00bfQuieres convertirte<br>en mediador\/a?<\/h3>\n\n\n<div class=\"gb-container gb-container-467f59de\"><div class=\"gb-inside-container\">\n\n<p class=\"has-text-align-center\">Si tienes t\u00edtulo oficial universitario o ciclo formativo de grado superior (CFGS), y quieres <strong>trabajar como mediador\/a<\/strong>, te ofrecemos la formaci\u00f3n acreditada que te permitir\u00e1 acceder al Registro de Mediadores\/as e Instituciones Mediadoras del Ministerio de Justicia.<\/p>\n\n<\/div><\/div>\n<\/div><\/div>\n\n<div class=\"gb-grid-column gb-grid-column-536c33e6\"><div class=\"gb-container gb-container-536c33e6\">\n\n<h3 class=\"wp-block-heading has-text-align-center has-text-color\" id=\"quieres-convertirte-en-mediador-a\" style=\"color:#8f2d3b;font-size:23px\">\u00bfQuieres convertirte en<br>interventor\/a de menores?<\/h3>\n\n\n<div class=\"gb-container gb-container-46bf597c\"><div class=\"gb-inside-container\">\n\n<p class=\"has-text-align-center\">El Posgrado en Intervenci\u00f3n con Menores est\u00e1 dirigido a educadoras\/es sociales y otras\/os profesionales de la intervenci\u00f3n social que <strong>deseen completar su formaci\u00f3n y mejorar su empleabilidad<\/strong> as\u00ed como a profesionales que desean mejorar y actualizar sus intervenciones profesionales.<\/p>\n\n<\/div><\/div>\n<\/div><\/div>\n<\/div>\n\n\n<p class=\"gb-headline gb-headline-15d974c4 gb-headline-text\"><strong>Escuela Internacional de Mediaci\u00f3n<\/strong><\/p>\n\n\n<div class=\"gb-container gb-container-b4be0ee6\"><div class=\"gb-inside-container\">\n<div class=\"gb-grid-wrapper gb-grid-wrapper-b0cf6227\">\n<div class=\"gb-grid-column gb-grid-column-8babefef\"><div class=\"gb-container gb-container-8babefef\"><div class=\"gb-inside-container\">\n\n<div class=\"wp-block-buttons is-layout-flex wp-block-buttons-is-layout-flex\">\n<div class=\"wp-block-button has-custom-width wp-block-button__width-100 is-style-outline is-style-outline--2\"><a class=\"wp-block-button__link has-base-3-color has-contrast-2-background-color has-text-color has-background wp-element-button\" href=\"tel:647651315\" style=\"border-radius:20px\" target=\"_blank\" rel=\"noreferrer noopener\">+34 647 651 315<\/a><\/div>\n\n\n\n<div class=\"wp-block-button has-custom-width wp-block-button__width-100 is-style-outline is-style-outline--3\"><a class=\"wp-block-button__link has-base-3-color has-text-color has-background wp-element-button\" href=\"https:\/\/api.whatsapp.com\/send?phone=34647651315\" style=\"border-radius:20px;background-color:#25d366\" rel=\"nofollow noopener\" target=\"_blank\">Inicia una conversaci\u00f3n de WhatsApp<\/a><\/div>\n<\/div>\n\n<\/div><\/div><\/div>\n\n<div class=\"gb-grid-column gb-grid-column-5b00da42\"><div class=\"gb-container gb-container-5b00da42\"><div class=\"gb-inside-container\">\n\n<p class=\"gb-headline gb-headline-084afb62 enlace\"><span class=\"gb-icon\"><svg aria-hidden=\"true\" height=\"1em\" width=\"1em\" viewBox=\"0 0 512 512\" xmlns=\"http:\/\/www.w3.org\/2000\/svg\"><path fill=\"currentColor\" d=\"M464 64H48C21.49 64 0 85.49 0 112v288c0 26.51 21.49 48 48 48h416c26.51 0 48-21.49 48-48V112c0-26.51-21.49-48-48-48zm0 48v40.805c-22.422 18.259-58.168 46.651-134.587 106.49-16.841 13.247-50.201 45.072-73.413 44.701-23.208.375-56.579-31.459-73.413-44.701C106.18 199.465 70.425 171.067 48 152.805V112h416zM48 400V214.398c22.914 18.251 55.409 43.862 104.938 82.646 21.857 17.205 60.134 55.186 103.062 54.955 42.717.231 80.509-37.199 103.053-54.947 49.528-38.783 82.032-64.401 104.947-82.653V400H48z\"><\/path><\/svg><\/span><span class=\"gb-headline-text\"><a href=\"mailto:info@eimediacion.edu.es\" class=\"rank-math-link\">info@eimediacion.edu.es<\/a><\/span><\/p>\n\n\n\n<p class=\"gb-headline gb-headline-2ddf0858 gb-headline-text\"><strong>Horario: de lunes a viernes de 09:00h a 20:00h<\/strong><\/p>\n\n<\/div><\/div><\/div>\n<\/div>\n<\/div><\/div>\n<\/div><\/div><\/div>\n\n<div class=\"gb-grid-column gb-grid-column-b7a5ae00\"><div class=\"gb-container gb-container-b7a5ae00\"><div class=\"gb-inside-container\">\n<div class=\"gb-button-wrapper gb-button-wrapper-6e9e1042\">\n\n<span class=\"gb-button gb-button-66b54598\"><span class=\"gb-icon\"><svg aria-hidden=\"true\" role=\"img\" height=\"1em\" width=\"1em\" viewBox=\"0 0 512 512\" xmlns=\"http:\/\/www.w3.org\/2000\/svg\"><path fill=\"currentColor\" d=\"M504 256c0 136.967-111.033 248-248 248S8 392.967 8 256 119.033 8 256 8s248 111.033 248 248zM227.314 387.314l184-184c6.248-6.248 6.248-16.379 0-22.627l-22.627-22.627c-6.248-6.249-16.379-6.249-22.628 0L216 308.118l-70.059-70.059c-6.248-6.248-16.379-6.248-22.628 0l-22.627 22.627c-6.248 6.248-6.248 16.379 0 22.627l104 104c6.249 6.249 16.379 6.249 22.628.001z\"><\/path><\/svg><\/span><span class=\"gb-button-text\"><strong>Contacto<\/strong><\/span><\/span>\n\n<\/div>\n\n<div class=\"gb-container gb-container-bc59ba8d\"><div class=\"gb-inside-container\">\n<div class=\"wpforms-container wpforms-container-full wpforms-block wpforms-block-6e6f21de-1a90-42de-a58c-2c466ce67c5b\" id=\"wpforms-28771\"><form id=\"wpforms-form-28771\" class=\"wpforms-validate wpforms-form\" data-formid=\"28771\" method=\"post\" enctype=\"multipart\/form-data\" action=\"\/eng\/wp-json\/wp\/v2\/pages\/4549\" data-token=\"7ee1b62fbdf1b003ec44550a878ff58c\" data-token-time=\"1775852563\"><noscript class=\"wpforms-error-noscript\">Please enable JavaScript in your browser to complete this form.<\/noscript><div class=\"wpforms-field-container\"><div id=\"wpforms-28771-field_1-container\" class=\"wpforms-field wpforms-field-name\" data-field-type=\"name\" data-field-id=\"1\"><label class=\"wpforms-field-label\" for=\"wpforms-28771-field_1\">Nombre <span class=\"wpforms-required-label\">*<\/span><\/label><div class=\"wpforms-field-row wpforms-field-large\"><div class=\"wpforms-field-row-block wpforms-first wpforms-one-half\"><input type=\"text\" id=\"wpforms-28771-field_1\" class=\"wpforms-field-name-first wpforms-field-required\" name=\"wpforms[fields][1][first]\" placeholder=\"Nombre\" required><label for=\"wpforms-28771-field_1\" class=\"wpforms-field-sublabel after wpforms-sublabel-hide\">First<\/label><\/div><div class=\"wpforms-field-row-block wpforms-one-half\"><input type=\"text\" id=\"wpforms-28771-field_1-last\" class=\"wpforms-field-name-last wpforms-field-required\" name=\"wpforms[fields][1][last]\" placeholder=\"Apellidos\" required><label for=\"wpforms-28771-field_1-last\" class=\"wpforms-field-sublabel after wpforms-sublabel-hide\">Last<\/label><\/div><\/div><\/div><div id=\"wpforms-28771-field_16-container\" class=\"wpforms-field wpforms-field-layout\" data-field-type=\"layout\" data-field-id=\"16\"><div class=\"wpforms-field-layout-columns wpforms-field-layout-preset-50-50\"><div class=\"wpforms-layout-column wpforms-layout-column-50\" ><div id=\"wpforms-28771-field_26-container\" class=\"wpforms-field wpforms-field-phone\" data-field-type=\"phone\" data-field-id=\"26\"><label class=\"wpforms-field-label\" for=\"wpforms-28771-field_26\">Tel\u00e9fono <span class=\"wpforms-required-label\">*<\/span><\/label><input type=\"tel\" id=\"wpforms-28771-field_26\" class=\"wpforms-field-medium wpforms-field-required\" data-rule-int-phone-field=\"true\" name=\"wpforms[fields][26]\" aria-label=\"Tel\u00e9fono\" required><\/div><div id=\"wpforms-28771-field_19-container\" class=\"wpforms-field wpforms-field-text\" data-field-type=\"text\" data-field-id=\"19\"><label class=\"wpforms-field-label\" for=\"wpforms-28771-field_19\">C\u00f3digo Postal (CP) <span class=\"wpforms-required-label\">*<\/span><\/label><input type=\"text\" id=\"wpforms-28771-field_19\" class=\"wpforms-field-medium wpforms-field-required\" name=\"wpforms[fields][19]\" required><\/div><\/div><div class=\"wpforms-layout-column wpforms-layout-column-50\" ><div id=\"wpforms-28771-field_3-container\" class=\"wpforms-field wpforms-field-email\" data-field-type=\"email\" data-field-id=\"3\"><label class=\"wpforms-field-label\" for=\"wpforms-28771-field_3\">Correo electr\u00f3nico <span class=\"wpforms-required-label\">*<\/span><\/label><input type=\"email\" id=\"wpforms-28771-field_3\" class=\"wpforms-field-large wpforms-field-required\" name=\"wpforms[fields][3]\" spellcheck=\"false\" required><\/div><div id=\"wpforms-28771-field_5-container\" class=\"wpforms-field wpforms-field-select wpforms-field-select-style-classic\" data-field-type=\"select\" data-field-id=\"5\"><label class=\"wpforms-field-label\" for=\"wpforms-28771-field_5\">Actualmente&#8230; <span class=\"wpforms-required-label\">*<\/span><\/label><select id=\"wpforms-28771-field_5\" class=\"wpforms-field-large wpforms-field-required\" name=\"wpforms[fields][5]\" required=\"required\"><option value=\"\" class=\"placeholder\" disabled  selected='selected'>Selecciona una opci\u00f3n<\/option><option value=\"Estoy en b\u00fasqueda activa de empleo\"  class=\"choice-1 depth-1\"  >Estoy en b\u00fasqueda activa de empleo<\/option><option value=\"Estoy trabajando por cuenta propia\"  class=\"choice-2 depth-1\"  >Estoy trabajando por cuenta propia<\/option><option value=\"Estoy trabajando por cuenta ajena\"  class=\"choice-3 depth-1\"  >Estoy trabajando por cuenta ajena<\/option><option value=\"Estudiante\"  class=\"choice-5 depth-1\"  >Estudiante<\/option><option value=\"Ninguna de las anteriores\"  class=\"choice-4 depth-1\"  >Ninguna de las anteriores<\/option><\/select><\/div><\/div><\/div><\/div>\t\t<div id=\"wpforms-28771-field_2-container\"\n\t\t\tclass=\"wpforms-field wpforms-field-text\"\n\t\t\tdata-field-type=\"text\"\n\t\t\tdata-field-id=\"2\"\n\t\t\t>\n\t\t\t<label class=\"wpforms-field-label\" for=\"wpforms-28771-field_2\" >perteneces? que qu\u00e9<\/label>\n\t\t\t<input type=\"text\" id=\"wpforms-28771-field_2\" class=\"wpforms-field-medium\" name=\"wpforms[fields][2]\" >\n\t\t<\/div>\n\t\t<div id=\"wpforms-28771-field_4-container\" class=\"wpforms-field wpforms-field-select wpforms-field-select-style-classic\" data-field-type=\"select\" data-field-id=\"4\"><label class=\"wpforms-field-label\" for=\"wpforms-28771-field_4\">\u00bfQu\u00e9 estudios est\u00e1s cursando o has finalizado? <span class=\"wpforms-required-label\">*<\/span><\/label><select id=\"wpforms-28771-field_4\" class=\"wpforms-field-large wpforms-field-required\" name=\"wpforms[fields][4]\" required=\"required\"><option value=\"\" class=\"placeholder\" disabled  selected='selected'>Selecciona una opci\u00f3n<\/option><option value=\"Ciencias Jur\u00eddicas\"  class=\"choice-1 depth-1\"  >Ciencias Jur\u00eddicas<\/option><option value=\"Estudios Empresariales\"  class=\"choice-2 depth-1\"  >Estudios Empresariales<\/option><option value=\"Ciencias Sociales\"  class=\"choice-3 depth-1\"  >Ciencias Sociales<\/option><option value=\"Ciencias de la Salud\"  class=\"choice-5 depth-1\"  >Ciencias de la Salud<\/option><option value=\"Ciclo Formativo de Grado Superior\"  class=\"choice-4 depth-1\"  >Ciclo Formativo de Grado Superior<\/option><option value=\"Bachiller \/ COU\"  class=\"choice-6 depth-1\"  >Bachiller \/ COU<\/option><option value=\"Otros estudios\"  class=\"choice-7 depth-1\"  >Otros estudios<\/option><\/select><\/div><div id=\"wpforms-28771-field_18-container\" class=\"wpforms-field wpforms-field-layout\" data-field-type=\"layout\" data-field-id=\"18\"><div class=\"wpforms-field-layout-columns wpforms-field-layout-preset-50-50\"><div class=\"wpforms-layout-column wpforms-layout-column-50\" ><div id=\"wpforms-28771-field_6-container\" class=\"wpforms-field wpforms-field-select wpforms-field-select-style-classic\" data-field-type=\"select\" data-field-id=\"6\"><label class=\"wpforms-field-label\" for=\"wpforms-28771-field_6\">\u00bfEn qu\u00e9 programa est\u00e1s interesado\/a? <span class=\"wpforms-required-label\">*<\/span><\/label><select id=\"wpforms-28771-field_6\" class=\"wpforms-field-large wpforms-field-required\" name=\"wpforms[fields][6]\" required=\"required\"><option value=\"\" class=\"placeholder\" disabled  selected='selected'>Selecciona una opci\u00f3n<\/option><option value=\"4566\"  class=\"choice-0 depth-1\"  >Curs universitari d\u2019especialitzaci\u00f3 en mediaci\u00f3 civil, mercantil i familiar<\/option><option value=\"4624\"  class=\"choice-1 depth-1\"  >Curso de Especializaci\u00f3n en Mediaci\u00f3n Civil, Mercantil y Familiar<\/option><option value=\"5399\"  class=\"choice-2 depth-1\"  >Especialidad en mediaci\u00f3n bancaria e hipotecaria<\/option><option value=\"5377\"  class=\"choice-3 depth-1\"  >Especialidad en mediaci\u00f3n civil<\/option><option value=\"5440\"  class=\"choice-4 depth-1\"  >Especialidad en mediaci\u00f3n comunitaria<\/option><option value=\"5413\"  class=\"choice-5 depth-1\"  >Especialidad en mediaci\u00f3n deportiva<\/option><option value=\"5195\"  class=\"choice-6 depth-1\"  >Especialidad en mediaci\u00f3n educativa<\/option><option value=\"5436\"  class=\"choice-7 depth-1\"  >Especialidad en mediaci\u00f3n en accidentes de tr\u00e1fico<\/option><option value=\"5166\"  class=\"choice-8 depth-1\"  >Especialidad en mediaci\u00f3n en comercio internacional<\/option><option value=\"5388\"  class=\"choice-9 depth-1\"  >Especialidad en mediaci\u00f3n en el \u00e1mbito de la edificaci\u00f3n y urbanismo<\/option><option value=\"5234\"  class=\"choice-10 depth-1\"  >Especialidad en Mediaci\u00f3n en materia de consumo<\/option><option value=\"5379\"  class=\"choice-11 depth-1\"  >Especialidad en mediaci\u00f3n familiar<\/option><option value=\"5371\"  class=\"choice-12 depth-1\"  >Especialidad en mediaci\u00f3n intercultural<\/option><option value=\"5375\"  class=\"choice-13 depth-1\"  >Especialidad en mediaci\u00f3n laboral<\/option><option value=\"5381\"  class=\"choice-14 depth-1\"  >Especialidad en mediaci\u00f3n mercantil<\/option><option value=\"5393\"  class=\"choice-15 depth-1\"  >Especialidad en mediaci\u00f3n penal y penitenciaria<\/option><option value=\"5423\"  class=\"choice-16 depth-1\"  >Especialidad en mediaci\u00f3n por medios electr\u00f3nicos (ODR)<\/option><option value=\"5384\"  class=\"choice-17 depth-1\"  >Especialidad en mediaci\u00f3n sanitaria<\/option><option value=\"26400\"  class=\"choice-18 depth-1\"  >Experto en coordinaci\u00f3n de parentalidad<\/option><option value=\"5141\"  class=\"choice-19 depth-1\"  >Experto en mediaci\u00f3n civil, mercantil y familiar<\/option><option value=\"4555\"  class=\"choice-20 depth-1\"  >M\u00e1ster en Mediaci\u00f3n y Gesti\u00f3n de Conflictos Multidisciplinares<\/option><option value=\"33346\"  class=\"choice-21 depth-1\"  >Posgrado en intervenci\u00f3n con menores<\/option><option value=\"43837\"  class=\"choice-22 depth-1\"  >SKR<\/option><\/select><\/div><\/div><div class=\"wpforms-layout-column wpforms-layout-column-50\" ><div id=\"wpforms-28771-field_7-container\" class=\"wpforms-field wpforms-field-select wpforms-field-select-style-classic\" data-field-type=\"select\" data-field-id=\"7\"><label class=\"wpforms-field-label\" for=\"wpforms-28771-field_7\">\u00bfComunidad Aut\u00f3noma a la que perteneces? <span class=\"wpforms-required-label\">*<\/span><\/label><select id=\"wpforms-28771-field_7\" class=\"wpforms-field-large wpforms-field-required\" name=\"wpforms[fields][7]\" required=\"required\"><option value=\"\" class=\"placeholder\" disabled  selected='selected'>Selecciona una opci\u00f3n<\/option><option value=\"Andaluc\u00eda\"  class=\"choice-1 depth-1\"  >Andaluc\u00eda<\/option><option value=\"Arag\u00f3n\"  class=\"choice-2 depth-1\"  >Arag\u00f3n<\/option><option value=\"Asturias\"  class=\"choice-3 depth-1\"  >Asturias<\/option><option value=\"Islas Baleares\"  class=\"choice-9 depth-1\"  >Islas Baleares<\/option><option value=\"Islas Canarias\"  class=\"choice-8 depth-1\"  >Islas Canarias<\/option><option value=\"Cantabria\"  class=\"choice-7 depth-1\"  >Cantabria<\/option><option value=\"Castillas y Le\u00f3n\"  class=\"choice-6 depth-1\"  >Castillas y Le\u00f3n<\/option><option value=\"Castilla-La Mancha\"  class=\"choice-5 depth-1\"  >Castilla-La Mancha<\/option><option value=\"Catalu\u00f1a\"  class=\"choice-4 depth-1\"  >Catalu\u00f1a<\/option><option value=\"Comunidad Valenciana\"  class=\"choice-17 depth-1\"  >Comunidad Valenciana<\/option><option value=\"Extremadura\"  class=\"choice-16 depth-1\"  >Extremadura<\/option><option value=\"Galicia\"  class=\"choice-15 depth-1\"  >Galicia<\/option><option value=\"Madrid\"  class=\"choice-14 depth-1\"  >Madrid<\/option><option value=\"Murcia\"  class=\"choice-13 depth-1\"  >Murcia<\/option><option value=\"La Rioja\"  class=\"choice-12 depth-1\"  >La Rioja<\/option><option value=\"Navarra\"  class=\"choice-11 depth-1\"  >Navarra<\/option><option value=\"Pa\u00eds Vasco\"  class=\"choice-10 depth-1\"  >Pa\u00eds Vasco<\/option><option value=\"Ceuta\"  class=\"choice-20 depth-1\"  >Ceuta<\/option><option value=\"Melilla\"  class=\"choice-19 depth-1\"  >Melilla<\/option><option value=\"Resido fuera de Espa\u00f1a\"  class=\"choice-18 depth-1\"  >Resido fuera de Espa\u00f1a<\/option><\/select><\/div><\/div><\/div><\/div><div id=\"wpforms-28771-field_8-container\" class=\"wpforms-field wpforms-field-checkbox\" data-field-type=\"checkbox\" data-field-id=\"8\"><label class=\"wpforms-field-label wpforms-label-hide\">Casillas de verificaci\u00f3n <span class=\"wpforms-required-label\">*<\/span><\/label><ul id=\"wpforms-28771-field_8\" class=\"wpforms-field-required\"><li class=\"choice-3 depth-1\"><input type=\"checkbox\" id=\"wpforms-28771-field_8_3\" name=\"wpforms[fields][8][]\" value=\"Doy mi consentimiento expreso y acepto la pol\u00edtica de privacidad.\" required ><label class=\"wpforms-field-label-inline\" for=\"wpforms-28771-field_8_3\">Doy mi consentimiento expreso y acepto la pol\u00edtica de privacidad.<\/label><\/li><\/ul><\/div><div id=\"wpforms-28771-field_9-container\" class=\"wpforms-field wpforms-field-hidden\" data-field-type=\"hidden\" data-field-id=\"9\"><input type=\"hidden\" id=\"wpforms-28771-field_9\" name=\"wpforms[fields][9]\" value=\"https:\/\/eimediacion.edu.es\/eng\/wp-json\/wp\/v2\/pages\/4549\"><\/div><div id=\"wpforms-28771-field_10-container\" class=\"wpforms-field wpforms-field-hidden ck_campaign\" data-field-type=\"hidden\" data-field-id=\"10\"><input type=\"hidden\" id=\"wpforms-28771-field_10\" name=\"wpforms[fields][10]\"><\/div><div id=\"wpforms-28771-field_11-container\" class=\"wpforms-field wpforms-field-hidden ck_source\" data-field-type=\"hidden\" data-field-id=\"11\"><input type=\"hidden\" id=\"wpforms-28771-field_11\" name=\"wpforms[fields][11]\"><\/div><div id=\"wpforms-28771-field_12-container\" class=\"wpforms-field wpforms-field-hidden ck_medium\" data-field-type=\"hidden\" data-field-id=\"12\"><input type=\"hidden\" id=\"wpforms-28771-field_12\" name=\"wpforms[fields][12]\"><\/div><div id=\"wpforms-28771-field_14-container\" class=\"wpforms-field wpforms-field-hidden\" data-field-type=\"hidden\" data-field-id=\"14\"><input type=\"hidden\" id=\"wpforms-28771-field_14\" name=\"wpforms[fields][14]\"><\/div><div id=\"wpforms-28771-field_15-container\" class=\"wpforms-field wpforms-field-hidden\" data-field-type=\"hidden\" data-field-id=\"15\"><input type=\"hidden\" id=\"wpforms-28771-field_15\" name=\"wpforms[fields][15]\"><\/div><div id=\"wpforms-28771-field_13-container\" class=\"wpforms-field wpforms-field-hidden\" data-field-type=\"hidden\" data-field-id=\"13\"><input type=\"hidden\" id=\"wpforms-28771-field_13\" name=\"wpforms[fields][13]\"><\/div><div id=\"wpforms-28771-field_23-container\" class=\"wpforms-field wpforms-field-captcha matematica-form\" data-field-type=\"captcha\" data-field-id=\"23\"><label class=\"wpforms-field-label\" for=\"wpforms-28771-field_23\">Por favor, completa la operaci\u00f3n matem\u00e1tica: <span class=\"wpforms-required-label\">*<\/span><\/label>\t\t\t<div class=\"wpforms-captcha-math\">\n\t\t\t\t<span id=\"wpforms-28771-field_23-question\" class=\"wpforms-captcha-equation\">\n\t\t\t\t\t<span class=\"n1\">7<\/span>\n\t\t\t\t\t\t\t<span class=\"cal\">+<\/span>\n\t\t\t\t\t\t\t<span class=\"n2\">10<\/span>\t\t\t\t\t<span class=\"e\">=<\/span>\n\t\t\t\t<\/span>\n\t\t\t\t<input type=\"text\" id=\"wpforms-28771-field_23\" class=\"wpforms-field-medium wpforms-field-required a\" data-rule-wpf-captcha=\"math\" data-is-wrapped-field=\"1\" name=\"wpforms[fields][23][a]\" aria-describedby=\"wpforms-28771-field_23-question\" required>\t\t\t\t<input type=\"hidden\" name=\"wpforms[fields][23][cal]\" class=\"cal\">\n\t\t\t\t<input type=\"hidden\" name=\"wpforms[fields][23][n2]\" class=\"n2\">\n\t\t\t\t<input type=\"hidden\" name=\"wpforms[fields][23][n1]\" class=\"n1\">\n\t\t\t<\/div>\n\t\t\t<\/div><script>\n\t\t\t\t( function() {\n\t\t\t\t\tconst style = document.createElement( 'style' );\n\t\t\t\t\tstyle.appendChild( document.createTextNode( '#wpforms-28771-field_2-container { position: absolute !important; overflow: hidden !important; display: inline !important; height: 1px !important; width: 1px !important; z-index: -1000 !important; padding: 0 !important; } #wpforms-28771-field_2-container input { visibility: hidden; } #wpforms-conversational-form-page #wpforms-28771-field_2-container label { counter-increment: none; }' ) );\n\t\t\t\t\tdocument.head.appendChild( style );\n\t\t\t\t\tdocument.currentScript?.remove();\n\t\t\t\t} )();\n\t\t\t<\/script><\/div><!-- .wpforms-field-container --><div class=\"wpforms-submit-container\" ><input type=\"hidden\" name=\"wpforms[id]\" value=\"28771\"><input type=\"hidden\" name=\"page_title\" value=\"\"><input type=\"hidden\" name=\"page_url\" value=\"https:\/\/eimediacion.edu.es\/eng\/wp-json\/wp\/v2\/pages\/4549\"><input type=\"hidden\" name=\"url_referer\" value=\"\"><button type=\"submit\" name=\"wpforms[submit]\" id=\"wpforms-submit-28771\" class=\"wpforms-submit\" data-alt-text=\"Enviando...\" data-submit-text=\"Enviar\" aria-live=\"assertive\" value=\"wpforms-submit\">Enviar<\/button><\/div><\/form><\/div>  <!-- .wpforms-container -->\n<\/div><\/div>\n\n\n<div style=\"height:47px\" aria-hidden=\"true\" class=\"wp-block-spacer\"><\/div>\n\n<\/div><\/div><\/div>\n<\/div>\n<\/div><\/div>\n\n\n<style>\n.wp-block-button__link {\n    color: white!important;\n}\n<\/style>\n","protected":false},"excerpt":{"rendered":"<p>Request EIM information<\/p>","protected":false},"author":1,"featured_media":791,"parent":0,"menu_order":0,"comment_status":"closed","ping_status":"closed","template":"","meta":{"inline_featured_image":false,"footnotes":""},"class_list":["post-4549","page","type-page","status-publish","has-post-thumbnail"],"_links":{"self":[{"href":"https:\/\/eimediacion.edu.es\/eng\/wp-json\/wp\/v2\/pages\/4549","targetHints":{"allow":["GET"]}}],"collection":[{"href":"https:\/\/eimediacion.edu.es\/eng\/wp-json\/wp\/v2\/pages"}],"about":[{"href":"https:\/\/eimediacion.edu.es\/eng\/wp-json\/wp\/v2\/types\/page"}],"author":[{"embeddable":true,"href":"https:\/\/eimediacion.edu.es\/eng\/wp-json\/wp\/v2\/users\/1"}],"replies":[{"embeddable":true,"href":"https:\/\/eimediacion.edu.es\/eng\/wp-json\/wp\/v2\/comments?post=4549"}],"version-history":[{"count":4,"href":"https:\/\/eimediacion.edu.es\/eng\/wp-json\/wp\/v2\/pages\/4549\/revisions"}],"predecessor-version":[{"id":45387,"href":"https:\/\/eimediacion.edu.es\/eng\/wp-json\/wp\/v2\/pages\/4549\/revisions\/45387"}],"wp:featuredmedia":[{"embeddable":true,"href":"https:\/\/eimediacion.edu.es\/eng\/wp-json\/wp\/v2\/media\/791"}],"wp:attachment":[{"href":"https:\/\/eimediacion.edu.es\/eng\/wp-json\/wp\/v2\/media?parent=4549"}],"curies":[{"name":"wp","href":"https:\/\/api.w.org\/{rel}","templated":true}]}}