{"id":8,"date":"2021-03-05T08:43:22","date_gmt":"2021-03-05T08:43:22","guid":{"rendered":"https:\/\/eimediacion.edu.es\/?page_id=8"},"modified":"2026-02-17T09:57:39","modified_gmt":"2026-02-17T08:57:39","slug":"aviso-legal","status":"publish","type":"page","link":"https:\/\/eimediacion.edu.es\/cat\/aviso-legal\/","title":{"rendered":"Av\u00eds Legal"},"content":{"rendered":"<div class=\"gb-container gb-container-fe9f7b9d alignfull\"><div class=\"gb-inside-container\">\n<div class=\"gb-container gb-container-41eb6c06\"><div class=\"gb-inside-container\">\n\n<div style=\"height:45px\" aria-hidden=\"true\" class=\"wp-block-spacer\"><\/div>\n\n\n\n<div class=\"wp-block-columns is-layout-flex wp-container-core-columns-is-layout-9d6595d7 wp-block-columns-is-layout-flex\">\n<div class=\"wp-block-column is-vertically-aligned-center is-layout-flow wp-block-column-is-layout-flow\">\n<h2 class=\"wp-block-heading has-text-align-center alturaLinea has-base-3-color has-text-color\" style=\"font-size:3em;letter-spacing:-3px;text-transform:none\"><strong>Av\u00eds Legal <span style=\"background-image: linear-gradient(61deg,#ffffff,#a92a3d);background-repeat: no-repeat;background-position: 0px bottom;background-size: 100% 7px;border-radius: 17px;\">EIM<\/span><\/strong><\/h2>\n<\/div>\n\n\n\n<div class=\"wp-block-column is-layout-flow wp-block-column-is-layout-flow\"><div class=\"wp-block-image\">\n<figure class=\"aligncenter size-full is-resized\"><img loading=\"lazy\" decoding=\"async\" width=\"718\" height=\"189\" src=\"https:\/\/eimediacion.edu.es\/wp-content\/uploads\/2021\/04\/logo-eim-webinar.png\" alt=\"\" class=\"wp-image-23723\" style=\"width:312px;height:83px\" title=\"\" srcset=\"https:\/\/eimediacion.edu.es\/wp-content\/uploads\/2021\/04\/logo-eim-webinar.png 718w, https:\/\/eimediacion.edu.es\/wp-content\/uploads\/2021\/04\/logo-eim-webinar-376x99.png 376w, https:\/\/eimediacion.edu.es\/wp-content\/uploads\/2021\/04\/logo-eim-webinar-678x178.png 678w\" sizes=\"auto, (max-width: 718px) 100vw, 718px\" \/><\/figure>\n<\/div><\/div>\n<\/div>\n\n<\/div><\/div>\n<\/div><\/div>\n\n\n<h2 class=\"wp-block-heading\">Dades del Responsable<\/h2>\n\n\n\n<ul class=\"wp-block-list\">\n<li>Identitat del Responsable: Mainjobs Internacional Educativa i Tecnol\u00f2gica SAU<\/li>\n\n\n\n<li>Nom comercial: Mainjobs<\/li>\n\n\n\n<li>NIF\/CIF: A-92909068<\/li>\n\n\n\n<li>Adre\u00e7a: Bulevard Louis Pasteur 15 local Edifici Sky Garden. 29010. M\u00e0laga.<\/li>\n\n\n\n<li>Correu electr\u00f2nic: compliment@grupomainjobs.com<\/li>\n\n\n\n<li>Dades Registrals: Registre Mercantil de M\u00e0laga, Tom 4459, Llibre 3368, Foli 79, Full MA-95730.<\/li>\n<\/ul>\n\n\n\n<p>En aquest espai, l&#039;USUARI podr\u00e0 trobar tota la informaci\u00f3 relativa als termes i condicions legals que defineixen les relacions entre els usuaris i nosaltres com a responsables d&#039;aquesta web. Com a usuari, \u00e9s important que coneguis aquests termes abans de continuar la teva navegaci\u00f3.<\/p>\n\n\n\n<p>Mainjobs Internacional Educativa i Tecnol\u00f2gica SAU com a responsable d&#039;aquesta web, assumeix el comprom\u00eds de processar la informaci\u00f3 dels nostres usuaris i clients amb plenes garanties i complir els requisits nacionals i europeus que regulen la recopilaci\u00f3 i l&#039;\u00fas de les dades personals dels nostres usuaris.<\/p>\n\n\n\n<p>Aquesta web, per tant, compleix rigorosament amb el RGPD (REGLAMENT (UE) 2016\/679 de protecci\u00f3 de dades) i la LSSI-CE la Llei 34\/2002, d&#039;11 de juliol, de serveis de la societat de la informaci\u00f3 i de comer\u00e7 electr\u00f2nic.<\/p>\n\n\n\n<h2 class=\"wp-block-heading\">Condicions generals d\u00fas<\/h2>\n\n\n\n<p>Aquestes Condicions Generals regulen l&#039;\u00fas (incloent-hi el mer acc\u00e9s) de les p\u00e0gines de la web, integrants del lloc web de Mainjobs inclosos els continguts i serveis posats a disposici\u00f3 en elles. Tota persona que accedeixi a la web, eimediacion.edu.es (\u201cUsuari\u201d) accepta sotmetre&#039;s a les Condicions Generals vigents a cada moment del portal elcuartel.es.<\/p>\n\n\n\n<h2 class=\"wp-block-heading\">Dades personals que recollim i com ho fem<\/h2>\n\n\n\n<p class=\"enlace\">Llegir&nbsp;<a class=\"rank-math-link\" href=\"https:\/\/eimediacion.edu.es\/cat\/politica-privacidad\/\"><span style=\"color:#8F2D3B\" class=\"has-inline-color\">Pol\u00edtica de Privadesa<\/span><\/a><\/p>\n\n\n\n<h2 class=\"wp-block-heading\">Compromisos i obligacions dels usuaris<\/h2>\n\n\n\n<p>L&#039;Usuari queda informat, i accepta, que l&#039;acc\u00e9s a la present web no suposa, de cap manera, l&#039;inici d&#039;una relaci\u00f3 comercial amb Mainjobs. D&#039;aquesta manera, l&#039;usuari es compromet a utilitzar el lloc web, els serveis i els continguts sense contravenir la legislaci\u00f3 vigent, la bona fe i l&#039;ordre p\u00fablic.<\/p>\n\n\n\n<p>Queda prohibit l&#039;\u00fas del web, amb fins il\u00b7l\u00edcits o lesius, o que, de qualsevol manera, puguin causar perjudici o impedir el funcionament normal del lloc web. Pel que fa als continguts d&#039;aquesta web, es prohibeix:<br>\u2022 La reproducci\u00f3, distribuci\u00f3 o modificaci\u00f3, total o parcial, llevat que es compti amb l&#039;autoritzaci\u00f3 dels seus leg\u00edtims titulars;<br>\u2022 Qualsevol vulneraci\u00f3 dels drets del prestador o dels leg\u00edtims titulars;<br>\u2022 La seva utilitzaci\u00f3 per a fins comercials o publicitaris.<br>En la utilitzaci\u00f3 del web, eimediacion.edu.es, l&#039;Usuari es compromet a no portar-lo a<\/p>\n\n\n\n<p>cap conducta que pogu\u00e9s danyar la imatge, els interessos i els drets de Mainjobs o de tercers o que pogu\u00e9s danyar, inutilitzar o sobrecarregar el portal eimediacion.edu.es o que imped\u00eds, de qualsevol manera, la utilitzaci\u00f3 normal de la web.<\/p>\n\n\n\n<p>Tot i aix\u00f2, l&#039;Usuari ha de ser conscient que les mesures de seguretat dels sistemes inform\u00e0tics a Internet no s\u00f3n enterament fiables i que, per tant Mainjobs no pot garantir la inexist\u00e8ncia de virus o altres elements que puguin produir alteracions en els sistemes inform\u00e0tics (programari i maquinari) de l&#039;Usuari o als seus documents electr\u00f2nics i fitxers continguts en aquests.<\/p>\n\n\n\n<h2 class=\"wp-block-heading\">Mesures de seguretat<\/h2>\n\n\n\n<p>Les dades personals comunicades per l&#039;usuari a Mainjobs poden ser emmagatzemades en bases de dades automatitzades o no, la titularitat de les quals correspon en exclusiva a Mainjobs, assumint aquesta totes les mesures d&#039;\u00edndole t\u00e8cnica, organitzativa i de seguretat que garanteixen la confidencialitat, integritat i qualitat de la informaci\u00f3 continguda en aquestes dacord amb el que estableix la normativa vigent en protecci\u00f3 de dades.<\/p>\n\n\n\n<p>La comunicaci\u00f3 entre els usuaris i Mainjobs utilitza un canal segur, i les dades transmeses s\u00f3n xifrades gr\u00e0cies a protocols a https, per tant garantim les millors condicions de seguretat perqu\u00e8 la confidencialitat dels usuaris estigui garantida.<\/p>\n\n\n\n<h2 class=\"wp-block-heading\">Drets de propietat intel\u00b7lectual i industrial<\/h2>\n\n\n\n<p>En virtut del que disposen els articles 8 i 32.1, par\u00e0graf segon, de la Llei de propietat intel\u00b7lectual, queden expressament prohibides la reproducci\u00f3, la distribuci\u00f3 i la comunicaci\u00f3 p\u00fablica, inclosa la seva modalitat de posada a disposici\u00f3, de la totalitat o part dels continguts d&#039;aquesta p\u00e0gina web, amb finalitats comercials, a qualsevol suport i per qualsevol mitj\u00e0 t\u00e8cnic, sense l&#039;autoritzaci\u00f3 de Mainjobs. L&#039;usuari es compromet a respectar els drets de propietat intel\u00b7lectual i industrial titularitat de Mainjobs.<\/p>\n\n\n\n<p>L&#039;usuari coneix i accepta que la totalitat del lloc web, contenint sense car\u00e0cter exhaustiu el text, programari, continguts (incloent-hi estructura, selecci\u00f3, ordenaci\u00f3 i presentaci\u00f3) podcast, fotografies, material audiovisual i gr\u00e0fics, est\u00e0 protegida per marques, drets d&#039;autor i altres drets leg\u00edtims, d&#039;acord amb els tractats internacionals on Espanya \u00e9s part i altres drets de propietat i lleis d&#039;Espanya.<\/p>\n\n\n\n<p>En cas que un usuari o un tercer considerin que s&#039;ha produ\u00eft una violaci\u00f3 dels seus leg\u00edtims drets de propietat intel\u00b7lectual per la introducci\u00f3 d&#039;un determinat contingut a la web, haur\u00e0 de notificar aquesta circumst\u00e0ncia a Mainjobs indicant:<\/p>\n\n\n\n<p>\u2022 Dades personals de l&#039;interessat titular dels drets presumptament infringits, o indicar la representaci\u00f3 amb qu\u00e8 actua en cas que la reclamaci\u00f3 la presenti un tercer diferent de l&#039;interessat.<\/p>\n\n\n\n<p>\u2022 Assenyalar els continguts protegits pels drets de propietat intel\u00b7lectual i la seva ubicaci\u00f3 a la web, l&#039;acreditaci\u00f3 dels drets de propietat intel\u00b7lectual assenyalats i declaraci\u00f3 expressa en qu\u00e8 l&#039;interessat es responsabilitza de la veracitat de les informacions facilitades a la notificaci\u00f3<\/p>\n\n\n\n<h2 class=\"wp-block-heading\">Exclusi\u00f3 de garanties i responsabilitats<\/h2>\n\n\n\n<p>El prestador no atorga cap garantia ni es fa responsable, en cap cas, dels danys i perjudicis de qualsevol naturalesa que poguessin portar causa de:<\/p>\n\n\n\n<p>\u2022 La manca de disponibilitat, manteniment i efectiu funcionament de la web, o dels seus serveis i continguts;<br>\u2022 L&#039;exist\u00e8ncia de virus, programes maliciosos o lesius als continguts;<br>\u2022 L&#039;\u00fas il\u00b7l\u00edcit, negligent, fraudulent o contrari a aquest Av\u00eds Legal;<br>\u2022 La manca de licitud, qualitat, fiabilitat, utilitat i disponibilitat dels serveis prestats per tercers i posats a disposici\u00f3 dels usuaris al lloc web.<br>\u2022 El prestador no es fa responsable sota cap concepte dels danys que puguin dimanar de l&#039;\u00fas il\u00b7legal o indegut de la present p\u00e0gina web.<\/p>\n\n\n\n<h2 class=\"wp-block-heading\">Llei aplicable i jurisdicci\u00f3<\/h2>\n\n\n\n<p>Amb car\u00e0cter general les relacions entre Mainjobs amb els Usuaris dels seus serveis telem\u00e0tics, presents en aquesta web es troben sotmeses a la legislaci\u00f3 i jurisdicci\u00f3 espanyoles i als tribunals de M\u00e0laga.<\/p>\n\n\n\n<h2 class=\"wp-block-heading\">Contacte<\/h2>\n\n\n\n<p class=\"enlace\">En cas que qualsevol Usuari tingu\u00e9s algun dubte sobre aquestes Condicions legals o qualsevol comentari sobre el portal, si us plau dirigiu-vos al Delegat de Protecci\u00f3 de Dades, a l&#039;email <a href=\"mailto:cumplimiento@grupomainjobs.com\"><strong>cumplimiento@grupomainjobs.com<\/strong><\/a><\/p>\n\n\n\n<p>De part de l&#039;equip que formem Mainjobs us agra\u00efm el temps dedicat a llegir aquest Av\u00eds Legal.<\/p>\n\n\n\n<p class=\"has-text-align-right\">Av\u00eds Legal<\/p>\n\n\n\n<p class=\"has-text-align-right\">Actualitzat desembre 2022<\/p>","protected":false},"excerpt":{"rendered":"<p>Av\u00eds Legal EIM Dades del Responsable En aquest espai, l&#039;USUARI podr\u00e0 trobar tota la informaci\u00f3 relativa als termes i condicions legals que defineixen les relacions entre els usuaris i nosaltres com a responsables d&#039;aquesta web. Com a usuari, \u00e9s important que coneguis aquests termes abans de continuar la teva navegaci\u00f3. \u2026 <a title=\"Av\u00eds Legal\" class=\"read-more\" href=\"https:\/\/eimediacion.edu.es\/cat\/aviso-legal\/\" aria-label=\"M\u00e9s informaci\u00f3 sobre Av\u00eds Legal\">Llegir m\u00e9s<\/a><\/p>","protected":false},"author":1,"featured_media":0,"parent":0,"menu_order":0,"comment_status":"closed","ping_status":"closed","template":"","meta":{"inline_featured_image":false,"footnotes":""},"class_list":["post-8","page","type-page","status-publish"],"_links":{"self":[{"href":"https:\/\/eimediacion.edu.es\/cat\/wp-json\/wp\/v2\/pages\/8","targetHints":{"allow":["GET"]}}],"collection":[{"href":"https:\/\/eimediacion.edu.es\/cat\/wp-json\/wp\/v2\/pages"}],"about":[{"href":"https:\/\/eimediacion.edu.es\/cat\/wp-json\/wp\/v2\/types\/page"}],"author":[{"embeddable":true,"href":"https:\/\/eimediacion.edu.es\/cat\/wp-json\/wp\/v2\/users\/1"}],"replies":[{"embeddable":true,"href":"https:\/\/eimediacion.edu.es\/cat\/wp-json\/wp\/v2\/comments?post=8"}],"version-history":[{"count":1,"href":"https:\/\/eimediacion.edu.es\/cat\/wp-json\/wp\/v2\/pages\/8\/revisions"}],"predecessor-version":[{"id":46310,"href":"https:\/\/eimediacion.edu.es\/cat\/wp-json\/wp\/v2\/pages\/8\/revisions\/46310"}],"wp:attachment":[{"href":"https:\/\/eimediacion.edu.es\/cat\/wp-json\/wp\/v2\/media?parent=8"}],"curies":[{"name":"wp","href":"https:\/\/api.w.org\/{rel}","templated":true}]}}