{"id":6012,"date":"2021-03-18T09:22:16","date_gmt":"2021-03-18T08:22:16","guid":{"rendered":"https:\/\/eimediacion.edu.es\/?page_id=6012"},"modified":"2025-12-15T11:17:39","modified_gmt":"2025-12-15T10:17:39","slug":"condiciones-de-matricula","status":"publish","type":"page","link":"https:\/\/eimediacion.edu.es\/cat\/condiciones-de-matricula\/","title":{"rendered":"Condicions de matr\u00edcula"},"content":{"rendered":"<div class=\"gb-container gb-container-fe9f7b9d alignfull\"><div class=\"gb-inside-container\">\n<div class=\"gb-container gb-container-41eb6c06\"><div class=\"gb-inside-container\">\n\n<div style=\"height:45px\" aria-hidden=\"true\" class=\"wp-block-spacer\"><\/div>\n\n\n\n<div class=\"wp-block-columns is-layout-flex wp-container-core-columns-is-layout-9d6595d7 wp-block-columns-is-layout-flex\">\n<div class=\"wp-block-column is-vertically-aligned-center is-layout-flow wp-block-column-is-layout-flow\">\n<h2 class=\"wp-block-heading has-text-align-center alturaLinea has-base-3-color has-text-color\" style=\"font-size:3em;letter-spacing:-3px;text-transform:none\"><strong>Condicions de Matr\u00edcula <span style=\"background-image: linear-gradient(61deg,#ffffff,#a92a3d);background-repeat: no-repeat;background-position: 0px bottom;background-size: 100% 7px;border-radius: 17px;\">EIM<\/span><\/strong><\/h2>\n<\/div>\n\n\n\n<div class=\"wp-block-column is-layout-flow wp-block-column-is-layout-flow\"><div class=\"wp-block-image\">\n<figure class=\"aligncenter size-full is-resized\"><img loading=\"lazy\" decoding=\"async\" width=\"718\" height=\"189\" src=\"https:\/\/eimediacion.edu.es\/wp-content\/uploads\/2021\/04\/logo-eim-webinar.png\" alt=\"\" class=\"wp-image-23723\" style=\"width:312px;height:83px\" title=\"\" srcset=\"https:\/\/eimediacion.edu.es\/wp-content\/uploads\/2021\/04\/logo-eim-webinar.png 718w, https:\/\/eimediacion.edu.es\/wp-content\/uploads\/2021\/04\/logo-eim-webinar-376x99.png 376w, https:\/\/eimediacion.edu.es\/wp-content\/uploads\/2021\/04\/logo-eim-webinar-678x178.png 678w\" sizes=\"auto, (max-width: 718px) 100vw, 718px\" \/><\/figure>\n<\/div><\/div>\n<\/div>\n\n<\/div><\/div>\n<\/div><\/div>\n\n\n<h3 class=\"wp-block-heading\"><\/h3>\n\n\n\n<p>Amb l&#039;acceptaci\u00f3 d&#039;aquestes condicions i l&#039;enviament del present formulari, el participant es compromet a abonar el cost total dels serveis de formaci\u00f3 presents aquest curs a&nbsp;<strong>Mainjobs Internacional Educativa i Tecnol\u00f2gica SAU&nbsp;<\/strong>&nbsp;&nbsp;amb CIF n\u00fam. A-92909068 com a entitat impartidora de la formaci\u00f3.<\/p>\n\n\n\n<p>L&#039;adquisici\u00f3 d&#039;aquest servei implica el servei de formaci\u00f3 del curs complet, i el fraccionament del pagament \u00e9s \u00fanicament una mesura per facilitar l&#039;adquisici\u00f3 del servei.<\/p>\n\n\n\n<h3 class=\"wp-block-heading\"><strong>FORMA DE PAGAMENT<\/strong>:<\/h3>\n\n\n\n<p>En fer la comanda el client expressa el seu consentiment per a la contractaci\u00f3 del servei. L&#039;import sobre el servei contractat es pot abonar en un sol pagament mitjan\u00e7ant qualsevol dels m\u00e8todes virtuals que s&#039;ofereixen a la web de compra, per transfer\u00e8ncia banc\u00e0ria o b\u00e9, es pot finan\u00e7ar en quotes a trav\u00e9s de Nemuru o CaixaBank. <br><\/p>\n\n\n\n<h3 class=\"wp-block-heading\"><strong>POL\u00cdTICA DE DESISTIMENT I BAIXES<\/strong><\/h3>\n\n\n\n<ol class=\"wp-block-list\">\n<li>L&#039;usuari podr\u00e0 sol\u00b7licitar, sense necessitat de justificaci\u00f3, el desistiment de la matr\u00edcula en el curs de formaci\u00f3 contractat amb Mainjobs Internacional Educativa i Tecnol\u00f2gica SAU (sota la marca comercial Escola Internacional de Mediaci\u00f3) en un termini de 14 dies naturals des de la formalitzaci\u00f3 del contracte a trav\u00e9s de la realitzaci\u00f3 de la comanda en l\u00ednia.<\/li>\n\n\n\n<li class=\"enlace\">L&#039;usuari podr\u00e0 exercir el seu dret de desistiment de la formaci\u00f3 contractada notificant a Mainjobs Internacional Educativa i Tecnol\u00f2gica SAU la seva decisi\u00f3 de desistir del contracte, mitjan\u00e7ant una declaraci\u00f3 inequ\u00edvoca de desistiment a trav\u00e9s del <a href=\"https:\/\/eimediacion.edu.es\/wp-content\/uploads\/2021\/04\/formulario-desistimiento.pdf\" target=\"_blank\" rel=\"noreferrer noopener\">formulari de desistiment<\/a>&nbsp; o carta de desistiment formal en qu\u00e8 es recullin totes les dades necess\u00e0ries. El formulari o carta formal de desistiment haur\u00e0 de remetre&#039;s per correu electr\u00f2nic a la seg\u00fcent adre\u00e7a: info@eimediacion.edu.es indicant expressament a l&#039;assumpte \u00abSol\u00b7licitud de desistiment de la comanda\/contracte n\u00fam. _______________\u00bb. El correu haur\u00e0 de contenir les dades m\u00ednimes que permetin la identificaci\u00f3 del client\/contractant, amb adre\u00e7a f\u00edsica on rebre notificacions postals i vies de contacte en l\u00ednia (tel\u00e8fon, mail). El client\/contractant rebr\u00e0 en un suport durador (correu electr\u00f2nic o carta certificada) l&#039;acusament de recepci\u00f3 del desistiment.<\/li>\n\n\n\n<li>Es reemborsar\u00e0 tot el pagament rebut, a excepci\u00f3 de les despeses de matr\u00edcula en cas que el contractant hagi accedit a la plataforma de formaci\u00f3 i els seus continguts. El reemborsament de les quantitats s&#039;efectua mitjan\u00e7ant transfer\u00e8ncia banc\u00e0ria al compte indicat.<\/li>\n\n\n\n<li>Si el participant causa baixa passat el per\u00edode de desistiment, per qualsevol motiu, no queda en cap cas eximit de l&#039;abonament de la formaci\u00f3 al complet, tenint l&#039;opci\u00f3 de reprendre la formaci\u00f3 en el termini m\u00e0xim de 6 mesos des de la formalitzaci\u00f3 de la comanda online a properes convocat\u00f2ries.<\/li>\n<\/ol>\n\n\n\n<p>Qualsevol controv\u00e8rsia que sorgeixi entre les parts amb motiu del present contracte ser\u00e0 sotmesa preferentment a mediaci\u00f3 a trav\u00e9s d&#039;una instituci\u00f3 de mediaci\u00f3 inscrita o als jutjats i tribunals de M\u00e0laga.<\/p>\n\n\n\n<p><strong>Per complir el requisit de formaci\u00f3 espec\u00edfica en mediaci\u00f3 per a la seva inscripci\u00f3 al registre de mediadors del Ministeri de Just\u00edcia nom\u00e9s caldr\u00e0 el t\u00edtol expedit per Mainjobs<\/strong> perqu\u00e8 es tracta de l&#039;entitat externa acreditada pel Ministeri esmentat,&nbsp;<strong>i haur\u00e0 de ser sol\u00b7licitat al seu assessor\/a per correu electr\u00f2nic en finalitzar la formaci\u00f3<\/strong>. Tot i aix\u00f2, totes aquelles persones interessades a obtenir la doble titulaci\u00f3&nbsp;<strong>per al curs d&#039;especialista universitari<\/strong> o <strong>M\u00e0ster<\/strong>, hauran d&#039;abonar les taxes d&#039;expedici\u00f3 del t\u00edtol de la Universitat mitjan\u00e7ant transfer\u00e8ncia banc\u00e0ria al n\u00famero de compte BBVA: ES97 0182 5876 55 0201619470 afegint al concepte Taxes i el nom de l&#039;alumne\/a<\/p>\n\n\n\n<p>(Per rebre m\u00e9s informaci\u00f3 sobre terminis d&#039;emissi\u00f3 i import de taxes remeteu e-mail a: mjimenezg@grupomainjobs.com).<\/p>","protected":false},"excerpt":{"rendered":"<p>Condicions de Matr\u00edcula EIM Amb l&#039;acceptaci\u00f3 d&#039;aquestes condicions i l&#039;enviament del present formulari, el participant es compromet a abonar el cost total dels serveis de formaci\u00f3 presents en aquest curs a Mainjobs Internacional Educativa i Tecnol\u00f2gica SAU amb CIF n\u00fam. A-92909068 com a entitat impartidora de la formaci\u00f3. L&#039;adquisici\u00f3 \u2026 <a title=\"Condicions de matr\u00edcula\" class=\"read-more\" href=\"https:\/\/eimediacion.edu.es\/cat\/condiciones-de-matricula\/\" aria-label=\"M\u00e9s informaci\u00f3 sobre Condicions de matr\u00edcula\">Llegir m\u00e9s<\/a><\/p>","protected":false},"author":3,"featured_media":0,"parent":0,"menu_order":0,"comment_status":"closed","ping_status":"closed","template":"","meta":{"inline_featured_image":false,"footnotes":""},"class_list":["post-6012","page","type-page","status-publish"],"_links":{"self":[{"href":"https:\/\/eimediacion.edu.es\/cat\/wp-json\/wp\/v2\/pages\/6012","targetHints":{"allow":["GET"]}}],"collection":[{"href":"https:\/\/eimediacion.edu.es\/cat\/wp-json\/wp\/v2\/pages"}],"about":[{"href":"https:\/\/eimediacion.edu.es\/cat\/wp-json\/wp\/v2\/types\/page"}],"author":[{"embeddable":true,"href":"https:\/\/eimediacion.edu.es\/cat\/wp-json\/wp\/v2\/users\/3"}],"replies":[{"embeddable":true,"href":"https:\/\/eimediacion.edu.es\/cat\/wp-json\/wp\/v2\/comments?post=6012"}],"version-history":[{"count":3,"href":"https:\/\/eimediacion.edu.es\/cat\/wp-json\/wp\/v2\/pages\/6012\/revisions"}],"predecessor-version":[{"id":46040,"href":"https:\/\/eimediacion.edu.es\/cat\/wp-json\/wp\/v2\/pages\/6012\/revisions\/46040"}],"wp:attachment":[{"href":"https:\/\/eimediacion.edu.es\/cat\/wp-json\/wp\/v2\/media?parent=6012"}],"curies":[{"name":"wp","href":"https:\/\/api.w.org\/{rel}","templated":true}]}}