{"id":44621,"date":"2025-05-13T16:47:43","date_gmt":"2025-05-13T14:47:43","guid":{"rendered":"https:\/\/eimediacion.edu.es\/?page_id=44621"},"modified":"2025-06-13T11:37:30","modified_gmt":"2025-06-13T09:37:30","slug":"registro-de-mediadores","status":"publish","type":"page","link":"https:\/\/eimediacion.edu.es\/cat\/registro-de-mediadores\/","title":{"rendered":"Guia d&#039;inscripci\u00f3 al Registre de Mediadors"},"content":{"rendered":"<div class=\"gb-container gb-container-fe9f7b9d alignfull\"><div class=\"gb-inside-container\">\n<div class=\"gb-container gb-container-41eb6c06\"><div class=\"gb-inside-container\">\n\n<div style=\"height:45px\" aria-hidden=\"true\" class=\"wp-block-spacer\"><\/div>\n\n\n\n<div class=\"wp-block-columns is-layout-flex wp-container-core-columns-is-layout-9d6595d7 wp-block-columns-is-layout-flex\">\n<div class=\"wp-block-column is-vertically-aligned-center is-layout-flow wp-block-column-is-layout-flow\">\n<h2 class=\"wp-block-heading has-text-align-center alturaLinea has-contrast-color has-text-color\" style=\"font-size:3em;letter-spacing:-3px;text-transform:none\"><strong>Gu\u00eda paso a paso para la inscripci\u00f3n en el Registro de Mediadores del Ministerio de Justicia<\/strong><\/h2>\n<\/div>\n<\/div>\n\n<\/div><\/div>\n<\/div><\/div>\n\n<div class=\"gb-container gb-container-94fbb4db\"><div class=\"gb-inside-container\">\n<div class=\"gb-container gb-container-c6f2213c\"><div class=\"gb-inside-container\">\n\n<p class=\"has-text-align-center\">En esta secci\u00f3n te facilitaremos toda la informaci\u00f3n que necesitas para <strong>la inscripci\u00f3n en el Registro de Mediadores del Ministerio de Justicia<\/strong>. As\u00ed mismo, podr\u00e1s consultar la formaci\u00f3n que precisas para cumplir requisitos y que nuestra Escuela pone a tu disposici\u00f3n.<\/p>\n\n<\/div><\/div>\n\n<div class=\"gb-container gb-container-34d03c30\"><div class=\"gb-inside-container\">\n<div class=\"gb-container gb-container-03d25fad\"><div class=\"gb-inside-container\">\n\n<h2 class=\"wp-block-heading alturaLineaProg has-contrast-color has-text-color\" id=\"plan-de-estudios\" style=\"font-size:2em;letter-spacing:-3px\"><strong>1. Requisitos <span style=\"background-image: linear-gradient(61deg,#ffffff,#a92a3d);background-repeat: no-repeat;background-position: 0px bottom;background-size: 100% 7px;border-radius: 17px;\">previos<\/span><\/strong><\/h2>\n\n\n\n<div style=\"height:25px\" aria-hidden=\"true\" class=\"wp-block-spacer\"><\/div>\n\n\n\n<p class=\"enlace\">Antes de iniciar la inscripci\u00f3n, aseg\u00farate de cumplir con los siguientes requisitos:<\/p>\n\n\n\n<ul class=\"wp-block-list\">\n<li>Ser mayor de edad y estar en pleno ejercicio de los derechos civiles.<\/li>\n\n\n\n<li>Contar con titulaci\u00f3n universitaria oficial o formaci\u00f3n profesional superior.<\/li>\n\n\n\n<li>Haber realizado una formaci\u00f3n espec\u00edfica en mediaci\u00f3n (m\u00ednimo 100 horas te\u00f3ricas y pr\u00e1cticas).\n<ul class=\"wp-block-list\">\n<li>\ud83d\udc49 Importante: En el formulario de inscripci\u00f3n, deber\u00e1s indicar que has realizado la formaci\u00f3n en Mainjobs Internacional Educativa y Tecnol\u00f3gica S.A.U., al que pertenece la Escuela Internacional de Mediaci\u00f3n.<\/li>\n<\/ul>\n<\/li>\n\n\n\n<li>Disponer de seguro de responsabilidad civil.\n<ul class=\"wp-block-list\">\n<li>\ud83d\udc49 Importante: Si est\u00e1s colegiado o colegiada en tu respectivo colegio profesional que ya cubre esta actividad, no necesitas contratar un seguro adicional. Bastar\u00e1 con acreditar tu colegiaci\u00f3n.<\/li>\n<\/ul>\n<\/li>\n<\/ul>\n\n<\/div><\/div>\n<\/div><\/div>\n\n<div class=\"gb-container gb-container-23db8152\"><div class=\"gb-inside-container\">\n<div class=\"gb-container gb-container-76c8b6b1\"><div class=\"gb-inside-container\">\n\n<h2 class=\"wp-block-heading alturaLineaProg has-contrast-color has-text-color\" id=\"plan-de-estudios\" style=\"font-size:2em;letter-spacing:-3px\"><strong><strong>2. Accede al portal <span style=\"background-image: linear-gradient(61deg,#ffffff,#a92a3d);background-repeat: no-repeat;background-position: 0px bottom;background-size: 100% 7px;border-radius: 17px;\">oficial<\/span><\/strong><\/strong><\/h2>\n\n\n\n<div style=\"height:25px\" aria-hidden=\"true\" class=\"wp-block-spacer\"><\/div>\n\n\n\n<p class=\"enlace\">Dir\u00edgete a la p\u00e1gina oficial del Ministerio de Justicia: \ud83d\udc49 <a href=\"https:\/\/www.mjusticia.gob.es\/es\/ciudadania\/tramites\/registro-mediadores\" target=\"_blank\" rel=\"noreferrer noopener nofollow\">Registro de Mediadores e Instituciones de Mediaci\u00f3n<\/a><\/p>\n\n<\/div><\/div>\n<\/div><\/div>\n\n<div class=\"gb-container gb-container-fbefadcb\"><div class=\"gb-inside-container\">\n<div class=\"gb-container gb-container-6fae2c81\"><div class=\"gb-inside-container\">\n\n<h2 class=\"wp-block-heading alturaLineaProg has-contrast-color has-text-color\" id=\"plan-de-estudios\" style=\"font-size:2em;letter-spacing:-3px\"><strong>3.  Selecciona el tipo de  i<span style=\"background-image: linear-gradient(61deg,#ffffff,#a92a3d);background-repeat: no-repeat;background-position: 0px bottom;background-size: 100% 7px;border-radius: 17px;\">nscripci\u00f3n <\/span><\/strong><\/h2>\n\n\n\n<div style=\"height:25px\" aria-hidden=\"true\" class=\"wp-block-spacer\"><\/div>\n\n\n\n<p class=\"enlace\">Haz clic en la opci\u00f3n \u201cInscripci\u00f3n de mediador, persona f\u00edsica\u201d (Secci\u00f3n Primera del Registro).<\/p>\n\n<\/div><\/div>\n<\/div><\/div>\n\n<div class=\"gb-container gb-container-3681f62d\"><div class=\"gb-inside-container\">\n<div class=\"gb-container gb-container-3375412c\"><div class=\"gb-inside-container\">\n\n<h2 class=\"wp-block-heading alturaLineaProg has-contrast-color has-text-color\" id=\"plan-de-estudios\" style=\"font-size:2em;letter-spacing:-3px\"><strong>4. Prepara la documentaci\u00f3n<\/strong> <strong><span style=\"background-image: linear-gradient(61deg,#ffffff,#a92a3d);background-repeat: no-repeat;background-position: 0px bottom;background-size: 100% 7px;border-radius: 17px;\"><strong>necesaria<\/strong><\/span><\/strong><\/h2>\n\n\n\n<div style=\"height:25px\" aria-hidden=\"true\" class=\"wp-block-spacer\"><\/div>\n\n\n\n<p class=\"enlace\">Tendr\u00e1s que adjuntar en formato digital:<\/p>\n\n\n\n<ul class=\"wp-block-list\">\n<li>DNI o NIE.<\/li>\n\n\n\n<li>T\u00edtulo universitario o de FP superior.<\/li>\n\n\n\n<li>Certificado de formaci\u00f3n espec\u00edfica en mediaci\u00f3n.<\/li>\n\n\n\n<li>P\u00f3liza del seguro de responsabilidad civil.<\/li>\n\n\n\n<li>Declaraci\u00f3n responsable (modelo disponible en la web del Ministerio).<\/li>\n<\/ul>\n\n<\/div><\/div>\n<\/div><\/div>\n\n<div class=\"gb-container gb-container-7832b1b1\"><div class=\"gb-inside-container\">\n<div class=\"gb-container gb-container-7e4cb767\"><div class=\"gb-inside-container\">\n\n<h2 class=\"wp-block-heading alturaLineaProg has-contrast-color has-text-color\" id=\"plan-de-estudios\" style=\"font-size:2em;letter-spacing:-3px\"><strong>5.  Accede a la sede electr\u00f3nica y cumplimenta el <span style=\"background-image: linear-gradient(61deg,#ffffff,#a92a3d);background-repeat: no-repeat;background-position: 0px bottom;background-size: 100% 7px;border-radius: 17px;\"><strong>formulario<\/strong><\/span><\/strong><\/h2>\n\n\n\n<\/div><\/div>\n\n\n<p>Realiza la inscripci\u00f3n a trav\u00e9s de la sede electr\u00f3nica: \ud83d\udc49 Sede electr\u00f3nica del Ministerio de Justicia.<\/p>\n\n\n\n<p>Necesitar\u00e1s un certificado digital o sistema Cl@ve para identificarte.<\/p>\n\n\n\n<h3 class=\"gb-headline gb-headline-cff4374b gb-headline-text\">Cumplimenta el formulario<\/h3>\n\n\n\n<p>Completa el formulario de inscripci\u00f3n con tus datos personales, formaci\u00f3n, experiencia y adjunta la documentaci\u00f3n requerida.<\/p>\n\n\n\n<p>\ud83d\udccc Recuerda: En el apartado de formaci\u00f3n, indica como centro formador: Mainjobs Internacional Educativa y Tecnol\u00f3gica S.A.U.<\/p>\n\n\n\n<h3 class=\"gb-headline gb-headline-c9ec9b46 gb-headline-text\">Firma y env\u00eda<\/h3>\n\n\n\n<p>Firma electr\u00f3nicamente el formulario y env\u00edalo. Recibir\u00e1s un justificante de presentaci\u00f3n.<\/p>\n\n\n\n<h3 class=\"gb-headline gb-headline-2fa4d142 gb-headline-text\">Seguimiento<\/h3>\n\n\n\n<p>Podr\u00e1s hacer seguimiento del estado de tu solicitud desde la misma sede electr\u00f3nica. Si se requiere subsanar alg\u00fan documento, te lo notificar\u00e1n por medios electr\u00f3nicos.<\/p>\n\n\n\n<h3 class=\"gb-headline gb-headline-43dca27f gb-headline-text\">\ud83d\udccc Informaci\u00f3n adicional<\/h3>\n\n\n\n<ul class=\"wp-block-list\">\n<li>El registro tiene car\u00e1cter p\u00fablico e informativo.<\/li>\n\n\n\n<li>No tiene coste econ\u00f3mico.<\/li>\n\n\n\n<li>Si tienes dudas, puedes escribir a: \ud83d\udce7 <a href=\"mailto:registro.mediadores@mjusticia.es\" target=\"_blank\" rel=\"noreferrer noopener\">registro.mediadores@mjusticia.es<\/a><\/li>\n<\/ul>\n\n<\/div><\/div>\n<\/div><\/div>\n\n\n<div style=\"height:50px\" aria-hidden=\"true\" class=\"wp-block-spacer\"><\/div>\n\n\n\n\n\n\n\n\n\n\n\n\n\n<style>\r\n\r\n.sinEnlace a{\r\npointer-events: none;\r\n}\r\n\r\n\r\n\r\n.sticky-menu{\r\n    position: sticky;\r\n    top: 0px;\r\n    z-index: 9999;\r\n}\r\n\r\n@media (max-width: 768px) {\r\n.sticky-menu{\r\n    position: relative;\r\n}\r\n}\r\n\r\n\r\n\r\n\r\n\/* Estilo formulario *\/\r\n\r\ndiv.wpforms-container-full .wpforms-form .wpforms-field-label-inline {\r\n    color: white;\r\n}\r\n\r\ndiv.wpforms-container-full .wpforms-form input[type=submit], div.wpforms-container-full .wpforms-form button[type=submit], div.wpforms-container-full .wpforms-form .wpforms-page-button {\r\n    background-color: #282424;\r\n    margin: 0 auto;\r\n    width: 100%;\r\n}\r\n\r\n\/* Men\u00fa m\u00f3vil*\/\r\n\r\n.wp-block-navigation__responsive-container.is-menu-open .wp-block-navigation__responsive-container-content {\r\n    padding-top: calc(7rem + 24px);\r\n}\r\n\r\n.wp-block-navigation__responsive-container-close svg, .wp-block-navigation__responsive-container-open svg {\r\n    width: 36px;\r\n    height: 36px;\r\n}\r\n\r\n.always-shown{\r\n    background-color: #0c1a41!important;\r\n}\r\n\r\n#lbContact{\r\ndisplay:none!important;\r\n}\r\n\r\n.wt-cli-manage-consent-link{\r\ncolor: white!important;\r\n    font-size: 12px!important;\r\n    text-align: center;\r\n    display: block;\r\n    padding-bottom: 15px;\r\n}\r\n\r\n.wt-cli-manage-consent-link:hover{\r\ncolor:#d2d0d0!important;\r\n}\r\n\r\n.fancy{\r\nborder-radius:30% 70% 70% 30% \/ 30% 30% 70% 70%;\r\n\r\n}\r\n<\/style>\n\n\n\n<style>\n\n.home .grid-container {\n    padding-right: 0px;\n    padding-left: 0px;\n}\n\n.blanco {\ncolor:white!important;\n}\n\n\n.eim-programa-descarga-dossier .wpforms-form .wpforms-field-label {\n    color: white;\n}\n\n.eim-programa-descarga-dossier .wpforms-form .wpforms-field-label-inline {\n    color: white;\n}\n\n.btnEsp a:hover{\nbackground-color: #0e1e3d!important;\n}\n\n.bloque-especialidades .btnEsp a:hover{\ncolor:white!important;\n}\n\n.demo .bod-block-popup.size-m {\n   background: linear-gradient(0deg, #ffffff 0%, rgb(249 249 249) 41%)!important;\n}\n\n.gb-container-8378da3e:before {\n  transform: rotateX(346deg);\n  animation: bg-animation 30s linear infinite; \/* Cambia el valor 10s por la duraci\u00f3n deseada *\/\n}\n\n@keyframes bg-animation {\n  0% {\n    transform: scale(1);\n  }\n  50% {\n    transform: scale(1.1) rotate(00deg);\n  }\n  100% {\n    transform: scale(1)  rotate(00deg);\n  }\n}\n\n.wp-block-bod-modal-block .bod-btn, .bod-block-close-btn .bod-btn {\n    background: linear-gradient(0deg, #c74d5f 00%, rgba(143,45,59,1) 71%);\n    border-radius: 15px;\n    padding: 13px 25px;\n    transition:0.5s;\n    font-size:14px;\n    font-weight: 600;\n}\n\n.wp-block-bod-modal-block .bod-btn:hover{\nbackground: linear-gradient(0deg, #093c75 00%, #093c75 71%);\ntransform: translate3d(0px,-5px,0);\n}\n\n.eim-programa-descarga-dossier {\n    margin-top: 0px;\n}\n\n\n.wp-block-video [poster] {\n    border-radius: 5px;\n}\n\n@media only screen and (max-width: 767px){\n.home .gb-grid-wrapper {\n    display: flex;\n}}\n\n.bloque-mediadores .slick-arrow:hover {\n    background: #ffffff;\n}\n\n.post {\n    border: none;\n    border-radius: none;\n    padding: none;\n    box-shadow: none;\n}\n\n<\/style>\n\n\n\n<script>\njQuery(document).ready(function() {\n    setTimeout(function() {\n      jQuery('.ti-reviews-container-wrapper').children().eq(3).remove();\n    }, 3000);\nconsole.log(\"Ejecutado\");\n  });\n<\/script>\n","protected":false},"excerpt":{"rendered":"<p>Guia pas a pas per a la inscripci\u00f3 al Registre de Mediadors del Ministeri de Just\u00edcia En aquesta secci\u00f3 et facilitarem tota la informaci\u00f3 que necessites per a la inscripci\u00f3 al Registre de Mediadors del Ministeri de Just\u00edcia. Aix\u00ed mateix, podr\u00e0s consultar la formaci\u00f3 que necessites per complir requisits i \u2026 <a title=\"Guia d&#039;inscripci\u00f3 al Registre de Mediadors\" class=\"read-more\" href=\"https:\/\/eimediacion.edu.es\/cat\/registro-de-mediadores\/\" aria-label=\"M\u00e9s informaci\u00f3 sobre Guia d&#039;inscripci\u00f3 al Registre de Mediadors\">Llegir m\u00e9s<\/a><\/p>","protected":false},"author":54,"featured_media":0,"parent":0,"menu_order":0,"comment_status":"closed","ping_status":"closed","template":"","meta":{"inline_featured_image":false,"footnotes":""},"class_list":["post-44621","page","type-page","status-publish"],"_links":{"self":[{"href":"https:\/\/eimediacion.edu.es\/cat\/wp-json\/wp\/v2\/pages\/44621","targetHints":{"allow":["GET"]}}],"collection":[{"href":"https:\/\/eimediacion.edu.es\/cat\/wp-json\/wp\/v2\/pages"}],"about":[{"href":"https:\/\/eimediacion.edu.es\/cat\/wp-json\/wp\/v2\/types\/page"}],"author":[{"embeddable":true,"href":"https:\/\/eimediacion.edu.es\/cat\/wp-json\/wp\/v2\/users\/54"}],"replies":[{"embeddable":true,"href":"https:\/\/eimediacion.edu.es\/cat\/wp-json\/wp\/v2\/comments?post=44621"}],"version-history":[{"count":11,"href":"https:\/\/eimediacion.edu.es\/cat\/wp-json\/wp\/v2\/pages\/44621\/revisions"}],"predecessor-version":[{"id":45019,"href":"https:\/\/eimediacion.edu.es\/cat\/wp-json\/wp\/v2\/pages\/44621\/revisions\/45019"}],"wp:attachment":[{"href":"https:\/\/eimediacion.edu.es\/cat\/wp-json\/wp\/v2\/media?parent=44621"}],"curies":[{"name":"wp","href":"https:\/\/api.w.org\/{rel}","templated":true}]}}