{"id":38385,"date":"2023-03-23T17:08:12","date_gmt":"2023-03-23T16:08:12","guid":{"rendered":"https:\/\/eimediacion.edu.es\/?page_id=38385"},"modified":"2026-02-04T09:56:46","modified_gmt":"2026-02-04T08:56:46","slug":"eim-en-los-medios","status":"publish","type":"page","link":"https:\/\/eimediacion.edu.es\/cat\/eim-en-los-medios\/","title":{"rendered":"EIM als mitjans"},"content":{"rendered":"<div class=\"gb-container gb-container-0b918926 bloque-noticias-home\"><div class=\"gb-inside-container\">\n\n<div style=\"height:50px\" aria-hidden=\"true\" class=\"wp-block-spacer\"><\/div>\n\n\n\n<h2 class=\"wp-block-heading has-text-align-center alturaLinea enlace has-contrast-color has-text-color\" id=\"ultimas-noticias-sobre-mediacion\" style=\"font-size:2em;letter-spacing:-3px;text-transform:none\"><strong>\u00daltimes not\u00edcies sobre mediaci\u00f3 a <a href=\"https:\/\/eimediacion.edu.es\/cat\/ser-mediador\/\">els nostres bloc<\/a><\/strong><\/h2>\n\n\n\n<style>\n.post {\n    border: NONE;\n    padding: 0;\n    box-shadow: none;\n}\n\n.post a:hover {\n    color: #0e1e3d!important;\n}\n\n.enlace a:hover {\n    color: #0e1e3d!important;\n}\n<\/style>\n\n\n\n<div class=\"gb-grid-wrapper gb-grid-wrapper-f0c62aca gb-query-loop-wrapper\">\n<div class=\"gb-grid-column gb-grid-column-3e4667f5 gb-query-loop-item post-46385 post type-post status-publish format-standard has-post-thumbnail hentry category-ser-mediador tag-cambio tag-comunicacion-efectiva tag-dialogo tag-gestion-de-conflictos tag-mediacion tag-mediacion-emocional tag-primavera tag-resolucion-de-conflictos tag-transformacion-de-conflictos\"><div class=\"gb-container gb-container-3e4667f5\">\n<figure class=\"gb-block-image gb-block-image-0b0fedff\"><img loading=\"lazy\" decoding=\"async\" width=\"5471\" height=\"2838\" src=\"https:\/\/eimediacion.edu.es\/wp-content\/uploads\/2026\/03\/young-woman-holds-bouquet-chrysanthemums.jpg\" class=\"gb-image-0b0fedff\" alt=\"primavera\" srcset=\"https:\/\/eimediacion.edu.es\/wp-content\/uploads\/2026\/03\/young-woman-holds-bouquet-chrysanthemums.jpg 5471w, https:\/\/eimediacion.edu.es\/wp-content\/uploads\/2026\/03\/young-woman-holds-bouquet-chrysanthemums-335x174.jpg 335w, https:\/\/eimediacion.edu.es\/wp-content\/uploads\/2026\/03\/young-woman-holds-bouquet-chrysanthemums-1024x531.jpg 1024w, https:\/\/eimediacion.edu.es\/wp-content\/uploads\/2026\/03\/young-woman-holds-bouquet-chrysanthemums-768x398.jpg 768w, https:\/\/eimediacion.edu.es\/wp-content\/uploads\/2026\/03\/young-woman-holds-bouquet-chrysanthemums-1536x797.jpg 1536w, https:\/\/eimediacion.edu.es\/wp-content\/uploads\/2026\/03\/young-woman-holds-bouquet-chrysanthemums-2048x1062.jpg 2048w, https:\/\/eimediacion.edu.es\/wp-content\/uploads\/2026\/03\/young-woman-holds-bouquet-chrysanthemums-18x9.jpg 18w\" sizes=\"auto, (max-width: 5471px) 100vw, 5471px\" title=\"\"><\/figure>\n\n<h2 class=\"gb-headline gb-headline-ace92cc0 gb-headline-text\"><a href=\"https:\/\/eimediacion.edu.es\/cat\/ser-mediador\/primavera-conflicto-mediacion-posibilidades\/\">Primavera i conflicte: quan alguna cosa nova comen\u00e7a a obrir-se\u00a0<\/a><\/h2>\n\n<p class=\"gb-headline gb-headline-17411e7e gb-headline-text\"><time class=\"entry-date published\" datetime=\"2026-04-14T11:09:55+02:00\">April 14, 2026<\/time><\/p>\n\n<div class=\"gb-headline gb-headline-9e654acc gb-headline-text\">Hi ha alguna cosa a la primavera que no passa desapercebut. No \u00e9s nom\u00e9s la llum, ni el canvi de temperatura, ni tan sols el calendari. <\/div>\n<\/div><\/div>\n\n<div class=\"gb-grid-column gb-grid-column-3e4667f5 gb-query-loop-item post-46391 post type-post status-publish format-standard has-post-thumbnail hentry category-noticias-eim-menores tag-conflicto-armado tag-desarrollo-infantil tag-educacion-en-contextos-de-guerra tag-infancia-en-guerra tag-intervencion-socioeducativa tag-menores-refugiados tag-proteccion-infantil tag-trauma-complejo tag-trauma-infantil\"><div class=\"gb-container gb-container-3e4667f5\">\n<figure class=\"gb-block-image gb-block-image-0b0fedff\"><img loading=\"lazy\" decoding=\"async\" width=\"5000\" height=\"2857\" src=\"https:\/\/eimediacion.edu.es\/wp-content\/uploads\/2026\/03\/photo-pair-wornout-child-s-shoes-beside-schoolbag.jpg\" class=\"gb-image-0b0fedff\" alt=\"infancias\" srcset=\"https:\/\/eimediacion.edu.es\/wp-content\/uploads\/2026\/03\/photo-pair-wornout-child-s-shoes-beside-schoolbag.jpg 5000w, https:\/\/eimediacion.edu.es\/wp-content\/uploads\/2026\/03\/photo-pair-wornout-child-s-shoes-beside-schoolbag-305x174.jpg 305w, https:\/\/eimediacion.edu.es\/wp-content\/uploads\/2026\/03\/photo-pair-wornout-child-s-shoes-beside-schoolbag-1024x585.jpg 1024w, https:\/\/eimediacion.edu.es\/wp-content\/uploads\/2026\/03\/photo-pair-wornout-child-s-shoes-beside-schoolbag-768x439.jpg 768w, https:\/\/eimediacion.edu.es\/wp-content\/uploads\/2026\/03\/photo-pair-wornout-child-s-shoes-beside-schoolbag-1536x878.jpg 1536w, https:\/\/eimediacion.edu.es\/wp-content\/uploads\/2026\/03\/photo-pair-wornout-child-s-shoes-beside-schoolbag-2048x1170.jpg 2048w, https:\/\/eimediacion.edu.es\/wp-content\/uploads\/2026\/03\/photo-pair-wornout-child-s-shoes-beside-schoolbag-18x10.jpg 18w\" sizes=\"auto, (max-width: 5000px) 100vw, 5000px\" title=\"\"><\/figure>\n\n<h2 class=\"gb-headline gb-headline-ace92cc0 gb-headline-text\"><a href=\"https:\/\/eimediacion.edu.es\/cat\/noticias-eim-menores\/infancias-conflicto-armado-impacto-infancia-guerra\/\">INF\u00c0NCIES EN CONFLICTE ARMAT: QUAN SOBREVIURE SUBSTITUEIX A CR\u00c9IXER\u00a0\u00a0<\/a><\/h2>\n\n<p class=\"gb-headline gb-headline-17411e7e gb-headline-text\"><time class=\"entry-date published\" datetime=\"2026-04-09T14:17:52+02:00\">April 9, 2026<\/time><\/p>\n\n<div class=\"gb-headline gb-headline-9e654acc gb-headline-text\">En les darreres d\u00e8cades, els conflictes armats han deixat de ser escenaris llunyans per convertir-se en una realitat constant a diferents parts del m\u00f3n. Gaza, Ucra\u00efna, Sudan o S\u00edria s\u00f3n nom\u00e9s alguns exemples de contextos on la guerra forma part del dia a dia.<\/div>\n<\/div><\/div>\n\n<div class=\"gb-grid-column gb-grid-column-3e4667f5 gb-query-loop-item post-46379 post type-post status-publish format-standard has-post-thumbnail hentry category-noticias-escuela-mediacion category-ser-mediador category-noticias-de-mediacion tag-batna tag-conflictos-dificiles tag-escucha-activa tag-gestion-de-conflictos tag-mediacion tag-mediador-profesional tag-negociacion tag-resolucion-de-conflictos tag-tecnicas-de-mediacion\"><div class=\"gb-container gb-container-3e4667f5\">\n<figure class=\"gb-block-image gb-block-image-0b0fedff\"><img loading=\"lazy\" decoding=\"async\" width=\"5975\" height=\"3989\" src=\"https:\/\/eimediacion.edu.es\/wp-content\/uploads\/2026\/03\/portrait-serious-student-friends-sitting-table-talking.jpg\" class=\"gb-image-0b0fedff\" alt=\"\" srcset=\"https:\/\/eimediacion.edu.es\/wp-content\/uploads\/2026\/03\/portrait-serious-student-friends-sitting-table-talking.jpg 5975w, https:\/\/eimediacion.edu.es\/wp-content\/uploads\/2026\/03\/portrait-serious-student-friends-sitting-table-talking-261x174.jpg 261w, https:\/\/eimediacion.edu.es\/wp-content\/uploads\/2026\/03\/portrait-serious-student-friends-sitting-table-talking-1024x684.jpg 1024w, https:\/\/eimediacion.edu.es\/wp-content\/uploads\/2026\/03\/portrait-serious-student-friends-sitting-table-talking-768x513.jpg 768w, https:\/\/eimediacion.edu.es\/wp-content\/uploads\/2026\/03\/portrait-serious-student-friends-sitting-table-talking-1536x1025.jpg 1536w, https:\/\/eimediacion.edu.es\/wp-content\/uploads\/2026\/03\/portrait-serious-student-friends-sitting-table-talking-2048x1367.jpg 2048w, https:\/\/eimediacion.edu.es\/wp-content\/uploads\/2026\/03\/portrait-serious-student-friends-sitting-table-talking-18x12.jpg 18w\" sizes=\"auto, (max-width: 5975px) 100vw, 5975px\" title=\"\"><\/figure>\n\n<h2 class=\"gb-headline gb-headline-ace92cc0 gb-headline-text\"><a href=\"https:\/\/eimediacion.edu.es\/cat\/ser-mediador\/noticias-escuela-mediacion\/dos-partes-un-conflicto-y-cero-ganas-de-ceder-el-arte-y-el-reto-de-mediar-sin-morir-en-el-intento\/\">Dues parts, un conflicte i zero ganes de cedir: l&#039;art (i el repte) de mediar sense morir a l&#039;intent\u00a0\u00a0\u00a0<\/a><\/h2>\n\n<p class=\"gb-headline gb-headline-17411e7e gb-headline-text\"><time class=\"entry-date published\" datetime=\"2026-04-07T10:35:27+02:00\">April 7, 2026<\/time><\/p>\n\n<div class=\"gb-headline gb-headline-9e654acc gb-headline-text\">La mediaci\u00f3 es configura com un mecanisme efica\u00e7 de resoluci\u00f3 de conflictes basat en l\u201fautonomia de les parts i en la intervenci\u00f3 d\u201fun tercer neutral que facilita el di\u00e0leg.\n<\/div>\n<\/div><\/div>\n<\/div>\n\n<\/div><\/div>","protected":false},"excerpt":{"rendered":"<p>EIM als mitjans \u00daltimes not\u00edcies sobre mediaci\u00f3 als nostres blocs<\/p>","protected":false},"author":48,"featured_media":38231,"parent":0,"menu_order":0,"comment_status":"closed","ping_status":"closed","template":"","meta":{"inline_featured_image":false,"footnotes":""},"class_list":["post-38385","page","type-page","status-publish","has-post-thumbnail"],"_links":{"self":[{"href":"https:\/\/eimediacion.edu.es\/cat\/wp-json\/wp\/v2\/pages\/38385","targetHints":{"allow":["GET"]}}],"collection":[{"href":"https:\/\/eimediacion.edu.es\/cat\/wp-json\/wp\/v2\/pages"}],"about":[{"href":"https:\/\/eimediacion.edu.es\/cat\/wp-json\/wp\/v2\/types\/page"}],"author":[{"embeddable":true,"href":"https:\/\/eimediacion.edu.es\/cat\/wp-json\/wp\/v2\/users\/48"}],"replies":[{"embeddable":true,"href":"https:\/\/eimediacion.edu.es\/cat\/wp-json\/wp\/v2\/comments?post=38385"}],"version-history":[{"count":3,"href":"https:\/\/eimediacion.edu.es\/cat\/wp-json\/wp\/v2\/pages\/38385\/revisions"}],"predecessor-version":[{"id":46305,"href":"https:\/\/eimediacion.edu.es\/cat\/wp-json\/wp\/v2\/pages\/38385\/revisions\/46305"}],"wp:featuredmedia":[{"embeddable":true,"href":"https:\/\/eimediacion.edu.es\/cat\/wp-json\/wp\/v2\/media\/38231"}],"wp:attachment":[{"href":"https:\/\/eimediacion.edu.es\/cat\/wp-json\/wp\/v2\/media?parent=38385"}],"curies":[{"name":"wp","href":"https:\/\/api.w.org\/{rel}","templated":true}]}}