{"id":35967,"date":"2022-12-14T14:24:32","date_gmt":"2022-12-14T13:24:32","guid":{"rendered":"https:\/\/eimediacion.edu.es\/?page_id=35967"},"modified":"2022-12-15T14:29:12","modified_gmt":"2022-12-15T13:29:12","slug":"404-no-encontrado","status":"publish","type":"page","link":"https:\/\/eimediacion.edu.es\/cat\/404-no-encontrado\/","title":{"rendered":"404 no trobat"},"content":{"rendered":"<div class=\"gb-container gb-container-d43a1c86\"><div class=\"gb-inside-container\">\n<div class=\"gb-grid-wrapper gb-grid-wrapper-f57ca11d\">\n<div class=\"gb-grid-column gb-grid-column-7f46fd42\"><div class=\"gb-container gb-container-7f46fd42\"><div class=\"gb-inside-container\">\n<div class=\"wp-block-image\">\n<figure class=\"aligncenter size-large is-resized\"><img loading=\"lazy\" decoding=\"async\" src=\"https:\/\/eimediacion.edu.es\/wp-content\/uploads\/2022\/12\/error-404-eim-1024x766.png\" alt=\"Error 404 Eim\" class=\"wp-image-35979\" width=\"522\" height=\"388\" title=\"\"><\/figure>\n<\/div>\n<\/div><\/div><\/div>\n\n<div class=\"gb-grid-column gb-grid-column-d8437a2d\"><div class=\"gb-container gb-container-d8437a2d\"><div class=\"gb-inside-container\">\n\n<h2 class=\"gb-headline gb-headline-742c9d45 gb-headline-text\">\u2026vaja, no hem trobat el que estaves buscant.<\/h2>\n\n\n\n<h2 class=\"gb-headline gb-headline-075aca3b gb-headline-text\">Per\u00f2 queda&#039;t, tens molt a descobrir!<\/h2>\n\n<\/div><\/div><\/div>\n<\/div>\n<\/div><\/div>\n\n<div class=\"gb-container gb-container-2cb362ae\"><div class=\"gb-inside-container\">\n\n<h2 class=\"gb-headline gb-headline-0e85fec8 gb-headline-text\">Potser et pot interessar<\/h2>\n\n\n\n<p class=\"has-text-align-center\">La formaci\u00f3 espec\u00edfica que necessites segons la<strong> Llei 5\/2012<\/strong>, de 6 de juliol, per treballar com a mediador\/a a Espanya:<\/p>\n\n\n<div id=\"wpblock-mostrarprogramas-mb-block-b1e75056-086b-47eb-a2b8-2ed4972cd1e3\" class=\"wpblock-mostrarprogramas  dest\">\n\t<div class=\"article-post\"><div class=\"item-post\"><a href=\"https:\/\/eimediacion.edu.es\/cat\/programas\/master-en-mediacion\/\"><div class=\"post-title\"><h3 class=\"widget-title\">M\u00e0ster en Mediaci\u00f3 i Gesti\u00f3 de Conflictes Multidisciplinaris<\/h3><\/div><div class=\"post-date\"><p class=\"date-title\">Pr\u00f2xima Edici\u00f3: Setembre 2026<\/p><\/div><div class=\"post-excerpt\">Formaci\u00f3 acreditada davant del Ministeri de Just\u00edcia ID.18991. Dotat amb un total de 1.500 hores.<\/div><\/a><\/div><\/div><div class=\"article-post\"><div class=\"item-post\"><a href=\"https:\/\/eimediacion.edu.es\/cat\/programas\/curso-mediacion-especialista-380h\/\"><div class=\"post-title\"><h3 class=\"widget-title\">Curs d&#039;especialitzaci\u00f3 en Mediaci\u00f3 Civil, Mercantil i Familiar<\/h3><\/div><div class=\"post-date\"><p class=\"date-title\">Pr\u00f2xima Edici\u00f3: Juny 2026<\/p><\/div><div class=\"post-excerpt\">Formaci\u00f3 acreditada davant del Ministeri de Just\u00edcia ID.18531. Dotat amb un total de 380 hores.<\/div><\/a><\/div><\/div><div class=\"article-post\"><div class=\"item-post\"><a href=\"https:\/\/eimediacion.edu.es\/cat\/programas\/experto-mediacion-civil-100h\/\"><div class=\"post-title\"><h3 class=\"widget-title\">Expert en mediaci\u00f3 civil, mercantil i familiar<\/h3><\/div><div class=\"post-date\"><p class=\"date-title\">Pr\u00f2xima Edici\u00f3: Abril 2026<\/p><\/div><div class=\"post-excerpt\">Formaci\u00f3 acreditada davant del Ministeri de Just\u00edcia ID.6871. Dotat amb un total de 100 hores.<\/div><\/a><\/div><\/div><\/div>\n\n<\/div><\/div>\n\n<div class=\"gb-container gb-container-35be53e0\"><a class=\"gb-container-link\" href=\"https:\/\/eimediacion.edu.es\/cat\/promocion\/posgrado-intervencion-menores\/\"><\/a><div class=\"gb-inside-container\">\n\n<p class=\"has-text-align-center has-17-font-size\"><strong>Expert en Intervenci\u00f3 amb menors<\/strong><\/p>\n\n\n\n<p class=\"has-text-align-center\">Aquest programa pret\u00e9n donar resposta a la necessitat de professionals que les entitats i els centres de menors estan demanant. Avui dia\u00a0<strong>hi ha una alta demanda de professionals<\/strong>\u00a0que, a m\u00e9s de la seva titulaci\u00f3 de base,\u00a0<strong>tingui les compet\u00e8ncies necess\u00e0ries per afrontar el repte i compti amb experi\u00e8ncia demostrable al sector<\/strong>.<\/p>\n\n<\/div><\/div>","protected":false},"excerpt":{"rendered":"<p>Potser et pot interessar La formaci\u00f3 espec\u00edfica que necessites segons la Llei 5\/2012, de 6 de juliol, per treballar com a mediador\/a a Espanya: Expert en Intervenci\u00f3 amb menors Aquest programa pret\u00e9n donar resposta a la necessitat de professionals que les entitats i els centres de menors estan demanant. A dia de \u2026 <a title=\"404 no trobat\" class=\"read-more\" href=\"https:\/\/eimediacion.edu.es\/cat\/404-no-encontrado\/\" aria-label=\"M\u00e9s informaci\u00f3 sobre 404 no trobat\">Llegir m\u00e9s<\/a><\/p>","protected":false},"author":48,"featured_media":0,"parent":0,"menu_order":0,"comment_status":"closed","ping_status":"closed","template":"","meta":{"inline_featured_image":false,"footnotes":""},"class_list":["post-35967","page","type-page","status-publish"],"_links":{"self":[{"href":"https:\/\/eimediacion.edu.es\/cat\/wp-json\/wp\/v2\/pages\/35967","targetHints":{"allow":["GET"]}}],"collection":[{"href":"https:\/\/eimediacion.edu.es\/cat\/wp-json\/wp\/v2\/pages"}],"about":[{"href":"https:\/\/eimediacion.edu.es\/cat\/wp-json\/wp\/v2\/types\/page"}],"author":[{"embeddable":true,"href":"https:\/\/eimediacion.edu.es\/cat\/wp-json\/wp\/v2\/users\/48"}],"replies":[{"embeddable":true,"href":"https:\/\/eimediacion.edu.es\/cat\/wp-json\/wp\/v2\/comments?post=35967"}],"version-history":[{"count":1,"href":"https:\/\/eimediacion.edu.es\/cat\/wp-json\/wp\/v2\/pages\/35967\/revisions"}],"predecessor-version":[{"id":42961,"href":"https:\/\/eimediacion.edu.es\/cat\/wp-json\/wp\/v2\/pages\/35967\/revisions\/42961"}],"wp:attachment":[{"href":"https:\/\/eimediacion.edu.es\/cat\/wp-json\/wp\/v2\/media?parent=35967"}],"curies":[{"name":"wp","href":"https:\/\/api.w.org\/{rel}","templated":true}]}}