{"id":3,"date":"2021-03-05T08:34:15","date_gmt":"2021-03-05T08:34:15","guid":{"rendered":"https:\/\/eimediacion.edu.es\/?page_id=3"},"modified":"2026-02-17T09:59:39","modified_gmt":"2026-02-17T08:59:39","slug":"politica-privacidad","status":"publish","type":"page","link":"https:\/\/eimediacion.edu.es\/cat\/politica-privacidad\/","title":{"rendered":"Pol\u00edtica de Privadesa"},"content":{"rendered":"<div class=\"gb-container gb-container-fe9f7b9d alignfull\"><div class=\"gb-inside-container\">\n<div class=\"gb-container gb-container-41eb6c06\"><div class=\"gb-inside-container\">\n\n<div style=\"height:45px\" aria-hidden=\"true\" class=\"wp-block-spacer\"><\/div>\n\n\n\n<div class=\"wp-block-columns is-layout-flex wp-container-core-columns-is-layout-9d6595d7 wp-block-columns-is-layout-flex\">\n<div class=\"wp-block-column is-vertically-aligned-center is-layout-flow wp-block-column-is-layout-flow\">\n<h2 class=\"wp-block-heading has-text-align-center alturaLinea has-base-3-color has-text-color\" style=\"font-size:3em;letter-spacing:-3px;text-transform:none\"><strong>Pol\u00edtica de Privadesa <span style=\"background-image: linear-gradient(61deg,#ffffff,#a92a3d);background-repeat: no-repeat;background-position: 0px bottom;background-size: 100% 7px;border-radius: 17px;\">EIM<\/span><\/strong><\/h2>\n<\/div>\n\n\n\n<div class=\"wp-block-column is-layout-flow wp-block-column-is-layout-flow\"><div class=\"wp-block-image\">\n<figure class=\"aligncenter size-full is-resized\"><img loading=\"lazy\" decoding=\"async\" width=\"718\" height=\"189\" src=\"https:\/\/eimediacion.edu.es\/wp-content\/uploads\/2021\/04\/logo-eim-webinar.png\" alt=\"\" class=\"wp-image-23723\" style=\"width:312px;height:83px\" title=\"\" srcset=\"https:\/\/eimediacion.edu.es\/wp-content\/uploads\/2021\/04\/logo-eim-webinar.png 718w, https:\/\/eimediacion.edu.es\/wp-content\/uploads\/2021\/04\/logo-eim-webinar-376x99.png 376w, https:\/\/eimediacion.edu.es\/wp-content\/uploads\/2021\/04\/logo-eim-webinar-678x178.png 678w\" sizes=\"auto, (max-width: 718px) 100vw, 718px\" \/><\/figure>\n<\/div><\/div>\n<\/div>\n\n<\/div><\/div>\n<\/div><\/div>\n\n\n<p>Aquesta pol\u00edtica de privadesa estableix la manera com es gestionaran les dades personals en aquesta web. \u00c9s imprescindible que la llegeixis i acceptis abans de continuar navegant.<\/p>\n\n\n\n<p>Cal advertir que aquesta Pol\u00edtica de Privadesa podria variar en funci\u00f3 d&#039;exig\u00e8ncies legislatives o d&#039;autoregulaci\u00f3, per la qual cosa s&#039;aconsella als usuaris que la visitin peri\u00f2dicament. Ser\u00e0 aplicable en cas que els usuaris decideixin emplenar algun formulari on es demanin dades de car\u00e0cter personal.<\/p>\n\n\n\n<p>Mainjobs Internacional Educativa i Tecnol\u00f2gica SAU ha adequat aquest web a les exig\u00e8ncies de la Llei Org\u00e0nica 3\/2018 de 5 de desembre, de Protecci\u00f3 de Dades de Car\u00e0cter Personal (LOPD), i al Reial Decret 1720\/2007, de 21 de desembre, conegut com el Reglament de desenvolupament de la LOPD. Compleix tamb\u00e9 amb el Reglament (UE) 2016\/679 del Parlament Europeu i del Consell de 27 d&#039;abril del 2016 relatiu a la protecci\u00f3 de les persones f\u00edsiques (RGPD), aix\u00ed com amb la Llei 34\/2002, d&#039;11 de juliol, de Servicis de la Societat de la Informaci\u00f3 i Comer\u00e7 Electr\u00f2nic (LSSICE o LSSI).<\/p>\n\n\n\n<h2 class=\"wp-block-heading\"><strong>Responsable del tractament de les teves dades personals<\/strong><\/h2>\n\n\n\n<ul class=\"wp-block-list\">\n<li><strong>Identitat del Responsable:&nbsp;<\/strong>Mainjobs Internacional Educativa i Tecnol\u00f2gica SAU<\/li>\n\n\n\n<li><strong>Nom comercial:&nbsp;<\/strong>Mainjobs<\/li>\n\n\n\n<li><strong>NIF\/CIF:&nbsp;<\/strong>A-92909068<\/li>\n\n\n\n<li><strong>Adre\u00e7a:\u00a0<\/strong>Bulevard Louis Pasteur 15 local Edifici Sky Garden. 29010. M\u00e0laga.<\/li>\n\n\n\n<li><strong>Correu electr\u00f2nic:&nbsp;<\/strong>cumplimiento@grupomainjobs.com<\/li>\n\n\n\n<li><strong>Activitat:&nbsp;<\/strong>Serveis de formaci\u00f3 i ensenyament no reglat.<\/li>\n\n\n\n<li><strong>Inscrita al Registre Mercantilde M\u00e0laga:&nbsp;<\/strong>tom 4459, llibre 3368, foli 79 i full MA-95730.<\/li>\n\n\n\n<li><strong>Dades de contacte amb el Delegat de Protecci\u00f3 de Dades:&nbsp;<\/strong>cumplimiento@grupomainjobs.com<\/li>\n<\/ul>\n\n\n\n<p>A efectes del que preveu el Reglament General de Protecci\u00f3 de Dades abans esmentat, les dades personals que ens envieu a trav\u00e9s dels formularis de la web, rebran el tractament de dades d&#039;\u201cUsuaris de la web\u201d.<\/p>\n\n\n\n<p>Per al tractament de dades dels nostres usuaris, implementem totes les mesures t\u00e8cniques i organitzatives de seguretat establertes a la legislaci\u00f3 vigent.<\/p>\n\n\n\n<h2 class=\"wp-block-heading\"><strong>Principis que aplicarem a la teva informaci\u00f3 personal<\/strong><\/h2>\n\n\n\n<p>En el tractament de les teves dades personals, aplicarem els principis seg\u00fcents que s&#039;ajusten a les exig\u00e8ncies del nou reglament europeu de protecci\u00f3 de dades:<\/p>\n\n\n\n<ul class=\"wp-block-list\">\n<li><strong>Principi de licitud, lleialtat i transpar\u00e8ncia:&nbsp;<\/strong>sempre requerirem el teu consentiment per al tractament de les teves dades personals per a un o diversos fins espec\u00edfics que t&#039;informarem pr\u00e8viament amb absoluta transpar\u00e8ncia.<\/li>\n\n\n\n<li><strong>Principi de minimitzaci\u00f3 de dades:&nbsp;<\/strong>nom\u00e9s sol\u00b7licitarem dades estrictament necess\u00e0ries en relaci\u00f3 amb les finalitats per a les quals les requerim. Els m\u00ednims possibles.<\/li>\n\n\n\n<li><strong>Principi de limitaci\u00f3 del termini de conservaci\u00f3:&nbsp;<\/strong>les dades seran mantingudes durant no m\u00e9s temps del necessari per als fins del tractament, en funci\u00f3 de la finalitat, us informarem del termini de conservaci\u00f3 corresponent, en el cas de subscripcions, peri\u00f2dicament revisarem les nostres llistes i eliminarem aquells registres inactius durant un temps considerable.<\/li>\n\n\n\n<li><strong>Principi d&#039;integritat i confidencialitat:&nbsp;<\/strong>les teves dades seran tractades de manera que es garanteixi una seguretat adequada de les dades personals i es garanteixi confidencialitat. Has de saber que prenem totes les precaucions necess\u00e0ries per evitar l&#039;acc\u00e9s no autoritzat o l&#039;\u00fas indegut de les dades dels nostres usuaris per part de tercers.<\/li>\n<\/ul>\n\n\n\n<h2 class=\"wp-block-heading\"><strong>Com hem obtingut les dades?<\/strong><\/h2>\n\n\n\n<p>Les dades personals que tractem a Mainjobs procedeixen de:<\/p>\n\n\n\n<ul class=\"wp-block-list\">\n<li>Formulari de contacte<\/li>\n\n\n\n<li>Formulari de Subscripci\u00f3 newsletter<\/li>\n<\/ul>\n\n\n\n<h2 class=\"wp-block-heading\"><strong>Quins s\u00f3n els teus drets quan ens facilites les dades?<\/strong><\/h2>\n\n\n\n<p>Qualsevol persona t\u00e9 dret a obtenir confirmaci\u00f3 sobre si a Mainjobs estem tractant dades personals que em concerneix, o no.<\/p>\n\n\n\n<p>Les persones interessades tenen dret a:<\/p>\n\n\n\n<ul class=\"wp-block-list\">\n<li>Sol\u00b7licitar l&#039;acc\u00e9s a les dades personals relatives a la persona interessada.<\/li>\n\n\n\n<li>Sol\u00b7licitar-ne la rectificaci\u00f3 o supressi\u00f3.<\/li>\n\n\n\n<li>Sol\u00b7licitar la limitaci\u00f3 del tractament.<\/li>\n\n\n\n<li>Oposar-se al tractament.<\/li>\n\n\n\n<li>Sol\u00b7licitar la portabilitat de les dades.<\/li>\n<\/ul>\n\n\n\n<p>Els interessats podran&nbsp;<strong>accedir<\/strong>&nbsp;a les vostres dades personals, aix\u00ed com a sol\u00b7licitar la&nbsp;<strong>rectificaci\u00f3<\/strong>&nbsp;de les dades inexactes o, si escau, sol\u00b7licitar-ne&nbsp;<strong>supressi\u00f3<\/strong>&nbsp;quan, entre altres motius, les dades ja no siguin necess\u00e0ries per als fins que van ser recollits. En determinades circumst\u00e0ncies, els interessats podran sol\u00b7licitar la&nbsp;<strong>limitaci\u00f3<\/strong>&nbsp;del tractament de les seves dades, cas en qu\u00e8 \u00fanicament les conservar\u00e9 per a l&#039;exercici o la defensa de reclamacions.<\/p>\n\n\n\n<p>En determinades circumst\u00e0ncies i per motius relacionats amb la seva situaci\u00f3 particular, els interessats poden&nbsp;<strong>oposar-se<\/strong>&nbsp;al tractament de les vostres dades. Mainjobs deixar\u00e0 de tractar les dades, tret de motius leg\u00edtims imperiosos, o l&#039;exercici o la defensa de possibles reclamacions. Com a interessat, tens dret a rebre les dades personals que t&#039;incumbeixin, que ens hagis facilitat i en un format estructurat, d&#039;\u00fas com\u00fa i lectura mec\u00e0nica, ia transmetre&#039;ls a un altre responsable del tractament quan:<\/p>\n\n\n\n<ul class=\"wp-block-list\">\n<li>El tractament estigui basat en el consentiment.<\/li>\n\n\n\n<li>Les dades hagin estat facilitades per la persona interessada.<\/li>\n\n\n\n<li>El tractament es fa per mitjans automatitzats.<\/li>\n<\/ul>\n\n\n\n<p>En exercir el teu dret a la portabilitat de les dades, tindr\u00e0s dret que les dades personals es transmetin directament de responsable a responsable quan sigui t\u00e8cnicament possible.<\/p>\n\n\n\n<p>Els interessats tamb\u00e9 tenen dret a la tutela judicial efectiva ia presentar una reclamaci\u00f3 davant l&#039;autoritat de control, en aquest cas, l&#039;Ag\u00e8ncia Espanyola de Protecci\u00f3 de Dades, si consideren que el tractament de dades personals que li concerneixen infringeix el Reglament.<\/p>\n\n\n\n<h2 class=\"wp-block-heading\"><strong>Amb quina finalitat tractem les vostres dades personals?<\/strong><\/h2>\n\n\n\n<p>Quan un usuari es connecta amb aquesta web per exemple per enviar un correu al titular, subscriure&#039;s o fer alguna consulta, est\u00e0 facilitant informaci\u00f3 de car\u00e0cter personal de la qual \u00e9s responsable Mainjobs. Aquesta informaci\u00f3 pot incloure dades de car\u00e0cter personal com poden ser la teva adre\u00e7a IP, nom, adre\u00e7a f\u00edsica, adre\u00e7a de correu electr\u00f2nic, n\u00famero de tel\u00e8fon i altra informaci\u00f3. En facilitar aquesta informaci\u00f3, l&#039;usuari d\u00f3na el seu consentiment perqu\u00e8 la seva informaci\u00f3 sigui recopilada, utilitzada, gestionada i emmagatzemada per eimediacion.edu.es, nom\u00e9s com es descriu a l&#039;Av\u00eds Legal ia la present Pol\u00edtica de Privadesa. Igualment consent expressament la utilitzaci\u00f3 de les dades personals esmentades per a l&#039;enviament d&#039;informaci\u00f3 comercial per via electr\u00f2nica (Email, WhatsApp, SMS, entre d&#039;altres) dels serveis comercialitzats per Mainjobs.<\/p>\n\n\n\n<p>A Mainjobs hi ha diferents sistemes de captura d&#039;informaci\u00f3 personal i tracto la informaci\u00f3 que ens faciliten les persones interessades amb la finalitat seg\u00fcent per cada sistema de captura (formularis):<\/p>\n\n\n\n<ul class=\"wp-block-list\">\n<li><strong>Formulari de contacte:&nbsp;<\/strong>sol\u00b7licitem les dades personals seg\u00fcents: Nom, Cognoms, Tel\u00e8fon, Email, Titulaci\u00f3 Acad\u00e8mica, per respondre als requeriments dels usuaris de Mainjobs. Per exemple, podem utilitzar aquestes dades per respondre a la teva sol\u00b7licitud i donar resposta als dubtes, queixes, comentaris o inquietuds que puguis tenir relatives a la informaci\u00f3 inclosa a la web, els serveis que es presten a trav\u00e9s de la web, el tractament de les seves dades personals, q\u00fcestions referents als textos legals inclosos a la web, aix\u00ed com qualssevol altres consultes que puguis tenir i que no estiguin subjectes a les condicions de contractaci\u00f3. <\/li>\n\n\n\n<li><strong>Formulari de subscripci\u00f3 a newsletter:&nbsp;<\/strong>en aquest cas, sol\u00b7licitem les dades personals seg\u00fcents: Nom, Email, per gestionar la llista de subscripcions, enviar butlletins, promocions i ofertes especials, facilitats per l&#039;usuari en realitzar la subscripci\u00f3. Dins la web hi ha diversos formularis per activar la subscripci\u00f3. Els butlletins electr\u00f2nics o newsletter estan gestionats per Acumbamanil, SL. <\/li>\n<\/ul>\n\n\n\n<p>Hi ha altres finalitats per les quals tractem les teves dades personals:<\/p>\n\n\n\n<ul class=\"wp-block-list\">\n<li>Per garantir el compliment de les condicions d\u00fas i la llei aplicable. Aix\u00f2 pot incloure el desenvolupament d&#039;eines i algoritmes que ajuden aquesta web a garantir la confidencialitat de les dades personals que recull.<\/li>\n\n\n\n<li>Per donar suport i millorar els serveis que ofereix aquesta web.<\/li>\n\n\n\n<li>Per gestionar les xarxes socials. Mainjobs pot tenir pres\u00e8ncia a xarxes socials. El tractament de les dades que es duguin a terme de les persones que es facin seguidores a les xarxes socials de les p\u00e0gines oficials de eimediacion.edu.es es regir\u00e0 per aquest apartat. Aix\u00ed com per aquelles condicions d&#039;\u00fas, pol\u00edtiques de privadesa i normatives d&#039;acc\u00e9s que pertanyin a la xarxa social que escaigui en cada cas i acceptades pr\u00e8viament per l&#039;usuari de Mainjobs Internacional Educativa i Tecnol\u00f2gica SAU Tractar\u00e0 les seves dades amb les finalitats d&#039;administrar correctament la seva pres\u00e8ncia a la xarxa social, informant d&#039;activitats, productes o serveis de Mainjobs. Aix\u00ed com per a qualsevol altra finalitat que les normatives de les xarxes socials permetin.<\/li>\n<\/ul>\n\n\n\n<p>D&#039;acord amb el que estableix el reglament general de protecci\u00f3 de dades europeu (RGPD) 2016\/679, Mainjobs Internacional Educativa i Tecnol\u00f2gica SAU (Mainjobs) amb domicili a l&#039;avinguda Bulevar Louis Pasteur 15 local Edifici Sky Garden. 29010. M\u00e0laga. Ser\u00e0 responsable del tractament de les dades corresponents a Usuaris de la web.<\/p>\n\n\n\n<p>Mainjobs informa que les dades de car\u00e0cter personal sol\u00b7licitades podran ser comunicades a Infoca Formaci\u00f3 SL empresa del grup Mainjobs; en els altres casos no ven, lloga ni cedeix dades de car\u00e0cter personal que puguin identificar lusuari, ni ho far\u00e0 en el futur, a tercers sense el consentiment previ. Tot i aix\u00f2, en alguns casos es poden realitzar col\u00b7laboracions amb altres professionals, en aquests casos, es requerir\u00e0 consentiment als usuaris informant sobre la identitat del col\u00b7laborador i la finalitat de la col\u00b7laboraci\u00f3. Sempre es realitzar\u00e0 amb els est\u00e0ndards de seguretat m\u00e9s estrictes.<\/p>\n\n\n\n<h2 class=\"wp-block-heading\"><strong>Legitimaci\u00f3 per al tractament de les teves dades<\/strong><\/h2>\n\n\n\n<p>La base legal per al tractament de les vostres dades \u00e9s el consentiment.<\/p>\n\n\n\n<p>Per contactar amb aquesta web es requereix el consentiment amb aquesta pol\u00edtica de privadesa.<\/p>\n\n\n\n<p>L&#039;oferta prospectiva o comercial de serveis est\u00e0 basada en el consentiment que se us demana, sense que en cap cas la retirada d&#039;aquest consentiment condicioni l&#039;execuci\u00f3 del contracte de subscripci\u00f3.<\/p>\n\n\n\n<h2 class=\"wp-block-heading\"><strong>Categoria de dades<\/strong><\/h2>\n\n\n\n<p>Les categories de dades que es tracten s\u00f3n dades identificatives.<\/p>\n\n\n\n<p>No es tracten categories de dades especialment protegides.<\/p>\n\n\n\n<h2 class=\"wp-block-heading\"><strong>Per quant de temps conservarem les teves dades?<\/strong><\/h2>\n\n\n\n<p><strong>Les dades personals proporcionades es conservaran:<\/strong><\/p>\n\n\n\n<ul class=\"wp-block-list\">\n<li>Mentre es mantingui la relaci\u00f3 mercantil.<\/li>\n\n\n\n<li>Fins que no se sol\u00b7licite la supressi\u00f3 per l&#039;interessat.<\/li>\n\n\n\n<li>Per\u00edode a partir de la darrera confirmaci\u00f3 d&#039;inter\u00e8s: 4 anys.<\/li>\n<\/ul>\n\n\n\n<h2 class=\"wp-block-heading\"><strong>A quins destinataris es comunicaran les teves dades?<\/strong><\/h2>\n\n\n\n<p>Per prestar serveis estrictament necessaris per al desenvolupament de l&#039;activitat, eimediacion.edu.es, comparteix dades amb els prestadors seg\u00fcents sota les seves corresponents condicions de privadesa:<\/p>\n\n\n\n<ul class=\"wp-block-list\">\n<li><strong>Hosting:<\/strong> Data Rush IT Services SL, amb domicili a Espanya, CalleCiro Alegria 83 29004 \u2013 (Malaga) \u2013 M\u00e0laga. M\u00e9s informaci\u00f3 a: <a href=\"https:\/\/www.datarush.es\/\" target=\"_blank\" rel=\"noreferrer noopener nofollow\">https:\/\/www.datarush.es\/<\/a> Data Rush IT Services SL. tracta les dades amb la finalitat de realitzar els seus serveis de hosting a Mainjobs Internacional Educativa i Tecnol\u00f2gica SAU<\/li>\n\n\n\n<li><strong>Email m\u00e0rqueting:<\/strong>&nbsp;Acumbamail, SL, amb domicili a Espanya, a Avenida Rey Santo 3D, planta 3, oficina 2, 13001, Ciudad Real. M\u00e9s informaci\u00f3 a: <a href=\"https:\/\/acumbamail.com\/\" target=\"_blank\" rel=\"noreferrer noopener nofollow\">https:\/\/acumbamail.com\/<\/a>. Acumbamail tracta les dades amb la finalitat de realitzar els seus serveis d&#039;email m\u00e0rqueting a Mainjobs.<\/li>\n\n\n\n<li><strong>CRM:<\/strong>&nbsp;CLIENTIFY, SL, amb domicili social a Espanya, al carrer Pare Luque, n\u00famero 1, 1r-Esquerra; 04001, Almeria. M\u00e9s informaci\u00f3 a&nbsp;<a href=\"https:\/\/clientify.com\/\" target=\"_blank\" rel=\"noreferrer noopener nofollow\">https:\/\/clientify.com<\/a>. Clientify tracta les dades amb la finalitat de realitzar els seus serveis de CRM per a Mainjobs.<\/li>\n<\/ul>\n\n\n\n<h2 class=\"wp-block-heading\"><strong>Navegaci\u00f3<\/strong><\/h2>\n\n\n\n<p>En navegar per eimediacion.edu.es es poden recollir dades no identificables, que poden incloure, adreces IP, ubicaci\u00f3 geogr\u00e0fica (aproximadament), un registre de com s&#039;utilitzen els serveis i llocs, i altres dades que no poden ser utilitzades per identificar al usuari. Entre les dades no identificatives hi ha tamb\u00e9 les relacionades amb els teus h\u00e0bits de navegaci\u00f3 a trav\u00e9s de serveis de tercers. Aquest web utilitza els seg\u00fcents serveis d&#039;an\u00e0lisi de tercers:<\/p>\n\n\n\n<ul class=\"wp-block-list\">\n<li>Google Analytics, AdWords, Optimize.<\/li>\n\n\n\n<li>Facebook Insights.<\/li>\n\n\n\n<li>Yandex M\u00e8trica.<\/li>\n<\/ul>\n\n\n\n<p>Utilitzem aquesta informaci\u00f3 per analitzar tend\u00e8ncies, administrar el lloc, rastrejar els moviments dels usuaris al voltant del lloc i per recopilar informaci\u00f3 demogr\u00e0fica sobre la nostra base d&#039;usuaris en conjunt.<\/p>\n\n\n\n<h2 class=\"wp-block-heading\"><strong>Secret i seguretat de les dades<\/strong><\/h2>\n\n\n\n<p>eimediacion.edu.es es compromet en l&#039;\u00fas i el tractament de les dades incloses personals dels usuaris, respectant la seva confidencialitat ia utilitzar-les d&#039;acord amb la finalitat del mateix, aix\u00ed com a donar compliment a la seva obligaci\u00f3 de guardar-les i adaptar totes les mesures per evitar l&#039;alteraci\u00f3, la p\u00e8rdua, el tractament o l&#039;acc\u00e9s no autoritzat, de conformitat amb el que estableix la normativa vigent de protecci\u00f3 de dades.<\/p>\n\n\n\n<p>Aquest web inclou un certificat SSL. Es tracta d&#039;un protocol de seguretat que fa que les vostres dades viatgin de manera \u00edntegra i segura, \u00e9s a dir, la transmissi\u00f3 de les dades entre un servidor i usuari web, i en retroalimentaci\u00f3, \u00e9s totalment xifrada o encriptada.<\/p>\n\n\n\n<p>eimediacion.edu.es no pot garantir l&#039;absoluta inexpugnabilitat de la xarxa Internet i per tant la violaci\u00f3 de les dades mitjan\u00e7ant accessos fraudulents per part de tercers.<\/p>\n\n\n\n<p>Pel que fa a la confidencialitat del processament, Mainjobs s&#039;assegurar\u00e0 que qualsevol persona que estigui autoritzada per Mainjobs per processar les dades del client (incl\u00f2s el seu personal, col\u00b7laboradors i prestadors), estar\u00e0 sota l&#039;obligaci\u00f3 apropiada de confidencialitat (ja sigui un deure contractual o legal).<\/p>\n\n\n\n<p>Quan es presenti algun incident de seguretat, en adonar-se Mainjobs, haur\u00e0 de notificar al Client sense demores indegudes i haur\u00e0 de proporcionar informaci\u00f3 oportuna relacionada amb l&#039;Incident de Seguretat tal com es conegui o quan el Client ho sol\u00b7liciti raonablement.<\/p>\n\n\n\n<h2 class=\"wp-block-heading\"><strong>Exactitud i veracitat de les dades<\/strong><\/h2>\n\n\n\n<p>Com a usuari, ets l&#039;\u00fanic responsable de la veracitat i correcci\u00f3 de les dades que remetis a eimediacion.edu.es exonerant Mainjobs, de qualsevol responsabilitat al respecte.<\/p>\n\n\n\n<p>Els usuaris garanteixen i responen, en qualsevol cas, de l&#039;exactitud, vig\u00e8ncia i autenticitat de les dades personals facilitades, i es comprometen a mantenir-les degudament actualitzades. L&#039;usuari accepta proporcionar informaci\u00f3 completa i correcta al formulari de contacte o subscripci\u00f3.<\/p>\n\n\n\n<h2 class=\"wp-block-heading\"><strong>Acceptaci\u00f3 i consentiment<\/strong><\/h2>\n\n\n\n<p>L&#039;usuari declara haver estat informat de les condicions sobre protecci\u00f3 de dades de car\u00e0cter personal, acceptant i consentint-ne el tractament per part de Mainjobs en la forma i per a les finalitats indicades en aquesta pol\u00edtica de privadesa.<\/p>\n\n\n\n<h2 class=\"wp-block-heading\"><strong>Revocabilitat<\/strong><\/h2>\n\n\n\n<p>El consentiment prestat, tant per al tractament com per a la cessi\u00f3 de les dades dels interessats, \u00e9s revocable en qualsevol moment comunicant-ho a Mainjobs en els termes establerts en aquesta Pol\u00edtica per a l&#039;exercici dels drets ARCO. Aquesta revocaci\u00f3 en cap cas no t\u00e9 car\u00e0cter retroactiu.<\/p>\n\n\n\n<h2 class=\"wp-block-heading\"><strong>Canvis en la pol\u00edtica de privadesa<\/strong><\/h2>\n\n\n\n<p>Mainjobs es reserva el dret a modificar aquesta pol\u00edtica per adaptar-la a novetats legislatives o jurisprudencials, aix\u00ed com a pr\u00e0ctiques de la ind\u00fastria. En aquests sup\u00f2sits, Mainjobs anunciar\u00e0 en aquesta p\u00e0gina els canvis introdu\u00efts amb una antelaci\u00f3 raonable a la seva posada en pr\u00e0ctica.<\/p>\n\n\n\n<h2 class=\"wp-block-heading\"><strong>Correus comercials<\/strong><\/h2>\n\n\n\n<p>D&#039;acord amb la LSSICE, eimediacion.edu.es no fa pr\u00e0ctiques de SPAM, per la qual cosa no envia correus comercials per via electr\u00f2nica que no hagin estat pr\u00e8viament sol\u00b7licitats o autoritzats per l&#039;usuari. En conseq\u00fc\u00e8ncia, a cadascun dels formularis que hi ha al web, l&#039;usuari t\u00e9 la possibilitat de donar el seu consentiment expr\u00e9s per rebre el butllet\u00ed, amb independ\u00e8ncia de la informaci\u00f3 comercial puntualment sol\u00b7licitada.<\/p>\n\n\n\n<p>Conformement al que disposa la Llei 34\/2002 de Serveis de la Societat de la Informaci\u00f3 i de comer\u00e7 electr\u00f2nic, eimediacion.edu.es es compromet a no enviar comunicacions de car\u00e0cter comercial sense identificar-les degudament.<\/p>\n\n\n\n<p>De part de l&#039;equip que formem eimediacion.edu.es t&#039;agra\u00efm el temps dedicat a llegir aquesta pol\u00edtica de privadesa.<\/p>\n\n\n\n<p class=\"has-text-align-right\">Pol\u00edtica de Privadesa<\/p>\n\n\n\n<p class=\"has-text-align-right\">Darrera actualitzaci\u00f3 30 AGOST 2023<\/p>","protected":false},"excerpt":{"rendered":"<p>Pol\u00edtica de Privadesa EIM Aquesta pol\u00edtica de privadesa estableix la manera com es gestionaran les dades personals en aquesta web. \u00c9s imprescindible que la llegeixis i acceptis abans de continuar navegant. Cal advertir que aquesta Pol\u00edtica de Privadesa podria variar en funci\u00f3 d&#039;exig\u00e8ncies legislatives o \u2026 <a title=\"Pol\u00edtica de Privadesa\" class=\"read-more\" href=\"https:\/\/eimediacion.edu.es\/cat\/politica-privacidad\/\" aria-label=\"M\u00e9s informaci\u00f3 sobre Pol\u00edtica de Privadesa\">Llegir m\u00e9s<\/a><\/p>","protected":false},"author":1,"featured_media":0,"parent":0,"menu_order":0,"comment_status":"closed","ping_status":"closed","template":"","meta":{"inline_featured_image":false,"footnotes":""},"class_list":["post-3","page","type-page","status-publish"],"_links":{"self":[{"href":"https:\/\/eimediacion.edu.es\/cat\/wp-json\/wp\/v2\/pages\/3","targetHints":{"allow":["GET"]}}],"collection":[{"href":"https:\/\/eimediacion.edu.es\/cat\/wp-json\/wp\/v2\/pages"}],"about":[{"href":"https:\/\/eimediacion.edu.es\/cat\/wp-json\/wp\/v2\/types\/page"}],"author":[{"embeddable":true,"href":"https:\/\/eimediacion.edu.es\/cat\/wp-json\/wp\/v2\/users\/1"}],"replies":[{"embeddable":true,"href":"https:\/\/eimediacion.edu.es\/cat\/wp-json\/wp\/v2\/comments?post=3"}],"version-history":[{"count":1,"href":"https:\/\/eimediacion.edu.es\/cat\/wp-json\/wp\/v2\/pages\/3\/revisions"}],"predecessor-version":[{"id":46312,"href":"https:\/\/eimediacion.edu.es\/cat\/wp-json\/wp\/v2\/pages\/3\/revisions\/46312"}],"wp:attachment":[{"href":"https:\/\/eimediacion.edu.es\/cat\/wp-json\/wp\/v2\/media?parent=3"}],"curies":[{"name":"wp","href":"https:\/\/api.w.org\/{rel}","templated":true}]}}