{"id":27290,"date":"2021-07-06T11:38:56","date_gmt":"2021-07-06T09:38:56","guid":{"rendered":"https:\/\/eimediacion.edu.es\/?page_id=27290"},"modified":"2025-01-23T13:06:18","modified_gmt":"2025-01-23T12:06:18","slug":"nuestras-becas","status":"publish","type":"page","link":"https:\/\/eimediacion.edu.es\/cat\/nuestras-becas\/","title":{"rendered":"Les nostres Beques"},"content":{"rendered":"<div class=\"gb-container gb-container-fe9f7b9d alignfull\"><div class=\"gb-inside-container\">\n<div class=\"gb-container gb-container-41eb6c06\"><div class=\"gb-inside-container\">\n\n<div style=\"height:45px\" aria-hidden=\"true\" class=\"wp-block-spacer\"><\/div>\n\n\n\n<div class=\"wp-block-columns is-layout-flex wp-container-core-columns-is-layout-9d6595d7 wp-block-columns-is-layout-flex\">\n<div class=\"wp-block-column is-vertically-aligned-center is-layout-flow wp-block-column-is-layout-flow\">\n<h2 class=\"wp-block-heading has-text-align-center alturaLinea has-base-3-color has-text-color\" style=\"font-size:3em;letter-spacing:-3px;text-transform:none\"><strong>Benef\u00edciate de <span style=\"background-image: linear-gradient(61deg,#ffffff,#a92a3d);background-repeat: no-repeat;background-position: 0px bottom;background-size: 100% 7px;border-radius: 17px;\">nuestras Becas<\/span><\/strong><\/h2>\n<\/div>\n\n\n\n<div class=\"wp-block-column is-layout-flow wp-block-column-is-layout-flow\"><div class=\"wp-block-image\">\n<figure class=\"aligncenter size-full is-resized\"><img loading=\"lazy\" decoding=\"async\" width=\"718\" height=\"189\" src=\"https:\/\/eimediacion.edu.es\/wp-content\/uploads\/2021\/04\/logo-eim-webinar.png\" alt=\"\" class=\"wp-image-23723\" style=\"width:312px;height:83px\" title=\"\" srcset=\"https:\/\/eimediacion.edu.es\/wp-content\/uploads\/2021\/04\/logo-eim-webinar.png 718w, https:\/\/eimediacion.edu.es\/wp-content\/uploads\/2021\/04\/logo-eim-webinar-376x99.png 376w, https:\/\/eimediacion.edu.es\/wp-content\/uploads\/2021\/04\/logo-eim-webinar-678x178.png 678w\" sizes=\"auto, (max-width: 718px) 100vw, 718px\" \/><\/figure>\n<\/div><\/div>\n<\/div>\n\n<\/div><\/div>\n<\/div><\/div>\n\n<div class=\"gb-container gb-container-0fcb84fc\"><div class=\"gb-inside-container\">\n\n<h3 class=\"gb-headline gb-headline-a2ac37db gb-headline-text\">Consulta a nuestro departamento de admisiones<\/h3>\n\n\n<div class=\"gb-grid-wrapper gb-grid-wrapper-43a4964d\">\n<div class=\"gb-grid-column gb-grid-column-04c39108\"><div class=\"gb-container gb-container-04c39108\"><div class=\"gb-inside-container\">\n<div class=\"gb-container gb-container-58d275b5\"><div class=\"gb-inside-container\">\n\n<h2 class=\"gb-headline gb-headline-8afd7423 gb-headline-text\">Beca<\/h2>\n\n\n\n<h2 class=\"gb-headline gb-headline-85aeba55 gb-headline-text\"><strong>Stop desempleo<\/strong><\/h2>\n\n\n\n<p class=\"has-text-align-center has-azul-color has-text-color\">Dirigida a aquellas personas que acrediten su condici\u00f3n de desempleo, aportando justificante en el momento de la matr\u00edcula.<\/p>\n\n<\/div><\/div>\n<\/div><\/div><\/div>\n\n<div class=\"gb-grid-column gb-grid-column-62cb1249\"><div class=\"gb-container gb-container-62cb1249\"><div class=\"gb-inside-container\">\n<div class=\"gb-container gb-container-0c207a60\"><div class=\"gb-inside-container\">\n\n<h2 class=\"gb-headline gb-headline-e40cee97 gb-headline-text\">Beca<\/h2>\n\n\n\n<h2 class=\"gb-headline gb-headline-0fb2bf53 gb-headline-text\"><strong>Familia Numerosa<\/strong><\/h2>\n\n\n\n<p class=\"has-text-align-center has-azul-color has-text-color\">Podr\u00e1n solicitar esta beca aquellas personas que acrediten su condici\u00f3n de familia numerosa en el momento de la matr\u00edcula.<\/p>\n\n<\/div><\/div>\n<\/div><\/div><\/div>\n\n<div class=\"gb-grid-column gb-grid-column-9f9f8064\"><div class=\"gb-container gb-container-9f9f8064\"><div class=\"gb-inside-container\">\n<div class=\"gb-container gb-container-c6793c65\"><div class=\"gb-inside-container\">\n\n<h2 class=\"gb-headline gb-headline-6aec80cd gb-headline-text\">Beca<\/h2>\n\n\n\n<h2 class=\"gb-headline gb-headline-af46796a gb-headline-text\"><strong>Sabadell<\/strong><\/h2>\n\n\n\n<p class=\"has-text-align-center has-azul-color has-text-color\">Podr\u00e1n solicitar esta beca aquellas personas que deseen financiar la formaci\u00f3n en c\u00f3modas cuotas y que , previa entrevista acad\u00e9mica, cumplan con los requisitos de la Comisi\u00f3n Acad\u00e9mica (motivaci\u00f3n, titulaci\u00f3n, aspiraciones..). Becas limitadas por edici\u00f3n.<\/p>\n\n<\/div><\/div>\n<\/div><\/div><\/div>\n\n<div class=\"gb-grid-column gb-grid-column-f85d0500\"><div class=\"gb-container gb-container-f85d0500\"><div class=\"gb-inside-container\">\n<div class=\"gb-container gb-container-84900106\"><div class=\"gb-inside-container\">\n\n<h2 class=\"gb-headline gb-headline-c58e9c01 gb-headline-text\">Beca<\/h2>\n\n\n\n<h2 class=\"gb-headline gb-headline-6163a3a6 gb-headline-text\"><strong>Impulsa tu Carrera <\/strong><\/h2>\n\n\n\n<h2 class=\"gb-headline gb-headline-a15c04ea gb-headline-text\">(Estudiantes)<\/h2>\n\n\n\n<p class=\"has-text-align-center has-azul-color has-text-color\">Podr\u00e1n solicitar esta beca aquellas personas que acrediten su condici\u00f3n de estudiante y que deseen acceder a su primer empleo.<\/p>\n\n<\/div><\/div>\n<\/div><\/div><\/div>\n\n<div class=\"gb-grid-column gb-grid-column-4bd4f828\"><div class=\"gb-container gb-container-4bd4f828\"><div class=\"gb-inside-container\">\n<div class=\"gb-container gb-container-a7412e6c\"><div class=\"gb-inside-container\">\n\n<h2 class=\"gb-headline gb-headline-a4970dd1 gb-headline-text\">Beca<\/h2>\n\n\n\n<h2 class=\"gb-headline gb-headline-9b68a8dc gb-headline-text\"><strong>Apoyo trabajadores <\/strong><\/h2>\n\n\n\n<h2 class=\"gb-headline gb-headline-ae77c69b gb-headline-text\"><strong>en ERTE<\/strong><\/h2>\n\n\n\n<p class=\"has-text-align-center has-azul-color has-text-color\">Podr\u00e1n solicitar esta beca aquellas personas que acrediten su condici\u00f3n de ERTE, aportando justificante en el momento de la matr\u00edcula.<\/p>\n\n<\/div><\/div>\n<\/div><\/div><\/div>\n\n<div class=\"gb-grid-column gb-grid-column-7ae76774\"><div class=\"gb-container gb-container-7ae76774\"><div class=\"gb-inside-container\">\n<div class=\"gb-container gb-container-6bc6cbd5\"><div class=\"gb-inside-container\">\n\n<h2 class=\"gb-headline gb-headline-be04e24c gb-headline-text\">Beca<\/h2>\n\n\n\n<h2 class=\"gb-headline gb-headline-3e759fb7 gb-headline-text\"><strong>EIM para Talentos<\/strong><\/h2>\n\n\n\n<p class=\"has-text-align-center has-azul-color has-text-color\">Podr\u00e1n solicitar esta beca aquellas personas que cuenten con un proyecto de tracci\u00f3n en el \u00e1mbito de la mediaci\u00f3n. Habr\u00e1 un comit\u00e9 evaluador del proyecto para la concesi\u00f3n de la beca. <\/p>\n\n<\/div><\/div>\n<\/div><\/div><\/div>\n<\/div>\n<\/div><\/div>\n\n<div class=\"gb-container gb-container-504ed8ab\"><div class=\"gb-inside-container\">\n<div class=\"gb-grid-wrapper gb-grid-wrapper-1781d6db\">\n<div class=\"gb-grid-column gb-grid-column-6eb0e9c4\"><div class=\"gb-container gb-container-6eb0e9c4\"><a class=\"gb-container-link\" href=\"\/programas\/master-en-mediacion\/\"><\/a><div class=\"gb-inside-container\">\n\n<h2 class=\"gb-headline gb-headline-78e74127 gb-headline-text\"><strong>Programa<\/strong><\/h2>\n\n\n\n<h2 class=\"gb-headline gb-headline-ae0891eb gb-headline-text\">Experto en Mediaci\u00f3n Civil, Mercantil y Familiar<\/h2>\n\n\n\n<p class=\"gb-headline gb-headline-e9d46872 gb-headline-text\">Reserva tu plaza por 30\u20ac y fracciona el resto desde 35\u20ac\/mes<\/p>\n\n<\/div><\/div><\/div>\n\n<div class=\"gb-grid-column gb-grid-column-495cb412\"><div class=\"gb-container gb-container-495cb412\"><a class=\"gb-container-link\" href=\"\/programas\/master-en-mediacion\/\"><\/a><div class=\"gb-inside-container\">\n\n<h2 class=\"gb-headline gb-headline-f7e3367f gb-headline-text\"><strong>Programa<\/strong><\/h2>\n\n\n\n<h2 class=\"gb-headline gb-headline-24fa0d11 gb-headline-text\">M\u00e1ster en Mediaci\u00f3n y Gesti\u00f3n de Conflictos Multidisciplinares<\/h2>\n\n\n\n<p class=\"gb-headline gb-headline-e3a43617 gb-headline-text\">Reserva tu plaza por 95\u20ac y fracciona el resto desde 75\u20ac\/mes<\/p>\n\n<\/div><\/div><\/div>\n\n<div class=\"gb-grid-column gb-grid-column-0c6b6c34\"><div class=\"gb-container gb-container-0c6b6c34\"><a class=\"gb-container-link\" href=\"\/programas\/master-en-mediacion\/\"><\/a><div class=\"gb-inside-container\">\n\n<h2 class=\"gb-headline gb-headline-045e1bff gb-headline-text\"><strong>Programa<\/strong><\/h2>\n\n\n\n<h2 class=\"gb-headline gb-headline-760b4f42 gb-headline-text\">Especialista en Mediaci\u00f3n Civil, Mercantil y Familiar<\/h2>\n\n\n\n<p class=\"gb-headline gb-headline-49626db3 gb-headline-text\">Reserva tu plaza por 65\u20ac y fracciona el resto desde 40\u20ac\/mes<\/p>\n\n<\/div><\/div><\/div>\n\n<div class=\"gb-grid-column gb-grid-column-4048cc48\"><div class=\"gb-container gb-container-4048cc48\"><a class=\"gb-container-link\" href=\"\/programas\/master-en-mediacion\/\"><\/a><div class=\"gb-inside-container\">\n\n<h2 class=\"gb-headline gb-headline-ece6e649 gb-headline-text\"><strong>Programa<\/strong><\/h2>\n\n\n\n<h2 class=\"gb-headline gb-headline-eea2d112 gb-headline-text\">Especialista en Mediaci\u00f3n<\/h2>\n\n\n\n<p class=\"gb-headline gb-headline-6af8c5cd gb-headline-text\">Reserva tu plaza por 30\u20ac y fracciona el resto desde 50\u20ac\/mes<\/p>\n\n<\/div><\/div><\/div>\n<\/div>\n<\/div><\/div>\n\n<div class=\"gb-container gb-container-d61cf0b4 alignfull\"><div class=\"gb-inside-container\">\n\n<h2 class=\"gb-headline gb-headline-d402e3f2 gb-headline-text\"><strong>\u00bfQuieres formarte como mediador\/a?<\/strong><\/h2>\n\n\n\n<h2 class=\"gb-headline gb-headline-181023f2 gb-headline-text\">Cumplimenta la siguiente solicitud de admisi\u00f3n<\/h2>\n\n\n<div class=\"gb-container gb-container-fa7911e4\"><div class=\"gb-inside-container\">\n<div class=\"wpforms-container wpforms-container-full eim-solicitud-admision-wpform wpforms-block wpforms-block-8885ecd2-fc6d-4bb0-92cb-411d812aa187\" id=\"wpforms-30754\"><form id=\"wpforms-form-30754\" class=\"wpforms-validate wpforms-form wpforms-ajax-form\" data-formid=\"30754\" method=\"post\" enctype=\"multipart\/form-data\" action=\"\/cat\/wp-json\/wp\/v2\/pages\/27290\" data-token=\"e499df4b0e63107a02f9641bad1226aa\" data-token-time=\"1776300675\"><noscript class=\"wpforms-error-noscript\">Activeu el JavaScript al navegador per a poder completar el formulari.<\/noscript><div class=\"wpforms-field-container\"><div id=\"wpforms-30754-field_1-container\" class=\"wpforms-field wpforms-field-name\" data-field-type=\"name\" data-field-id=\"1\"><label class=\"wpforms-field-label\">Nombre <span class=\"wpforms-required-label\">*<\/span><\/label><div class=\"wpforms-field-row wpforms-field-large\"><div class=\"wpforms-field-row-block wpforms-first wpforms-one-half\"><input type=\"text\" id=\"wpforms-30754-field_1\" class=\"wpforms-field-name-first wpforms-field-required\" name=\"wpforms[fields][1][first]\" required><label for=\"wpforms-30754-field_1\" class=\"wpforms-field-sublabel after\">Nom<\/label><\/div><div class=\"wpforms-field-row-block wpforms-one-half\"><input type=\"text\" id=\"wpforms-30754-field_1-last\" class=\"wpforms-field-name-last wpforms-field-required\" name=\"wpforms[fields][1][last]\" required><label for=\"wpforms-30754-field_1-last\" class=\"wpforms-field-sublabel after\">Cognoms<\/label><\/div><\/div><\/div><div id=\"wpforms-30754-field_18-container\" class=\"wpforms-field wpforms-field-layout\" data-field-type=\"layout\" data-field-id=\"18\"><div class=\"wpforms-field-layout-columns wpforms-field-layout-preset-50-50\"><div class=\"wpforms-layout-column wpforms-layout-column-50\" ><div id=\"wpforms-30754-field_2-container\" class=\"wpforms-field wpforms-field-phone\" data-field-type=\"phone\" data-field-id=\"2\"><label class=\"wpforms-field-label\" for=\"wpforms-30754-field_2\">Tel\u00e9fono <span class=\"wpforms-required-label\">*<\/span><\/label><input type=\"tel\" id=\"wpforms-30754-field_2\" class=\"wpforms-field-large wpforms-field-required\" data-rule-int-phone-field=\"true\" name=\"wpforms[fields][2]\" aria-label=\"Tel\u00e9fono\" required><\/div><\/div><div class=\"wpforms-layout-column wpforms-layout-column-50\" ><div id=\"wpforms-30754-field_19-container\" class=\"wpforms-field wpforms-field-text\" data-field-type=\"text\" data-field-id=\"19\"><label class=\"wpforms-field-label\" for=\"wpforms-30754-field_19\">C\u00f3digo Postal (CP) <span class=\"wpforms-required-label\">*<\/span><\/label><input type=\"text\" id=\"wpforms-30754-field_19\" class=\"wpforms-field-medium wpforms-field-required\" name=\"wpforms[fields][19]\" required><\/div><\/div><\/div><\/div><div id=\"wpforms-30754-field_3-container\" class=\"wpforms-field wpforms-field-email\" data-field-type=\"email\" data-field-id=\"3\"><label class=\"wpforms-field-label\" for=\"wpforms-30754-field_3\">Correo electr\u00f3nico <span class=\"wpforms-required-label\">*<\/span><\/label><input type=\"email\" id=\"wpforms-30754-field_3\" class=\"wpforms-field-large wpforms-field-required\" name=\"wpforms[fields][3]\" spellcheck=\"false\" required><\/div><div id=\"wpforms-30754-field_4-container\" class=\"wpforms-field wpforms-field-select wpforms-field-select-style-classic\" data-field-type=\"select\" data-field-id=\"4\"><label class=\"wpforms-field-label\" for=\"wpforms-30754-field_4\">Situaci\u00f3n Profesional <span class=\"wpforms-required-label\">*<\/span><\/label><select id=\"wpforms-30754-field_4\" class=\"wpforms-field-large wpforms-field-required\" name=\"wpforms[fields][4]\" required=\"required\"><option value=\"\" class=\"placeholder\" disabled  selected='selected'>Selecciona una opci\u00f3n<\/option><option value=\"Estoy en b\u00fasqueda activa de empleo\"  class=\"choice-1 depth-1\"  >Estoy en b\u00fasqueda activa de empleo<\/option><option value=\"Estoy trabajando por cuenta propia\"  class=\"choice-2 depth-1\"  >Estoy trabajando por cuenta propia<\/option><option value=\"Estoy trabajando por cuenta ajena\"  class=\"choice-3 depth-1\"  >Estoy trabajando por cuenta ajena<\/option><option value=\"Estudiante\"  class=\"choice-4 depth-1\"  >Estudiante<\/option><option value=\"Ninguna de las anteriores\"  class=\"choice-5 depth-1\"  >Ninguna de las anteriores<\/option><\/select><\/div><div id=\"wpforms-30754-field_5-container\" class=\"wpforms-field wpforms-field-select wpforms-field-select-style-classic\" data-field-type=\"select\" data-field-id=\"5\"><label class=\"wpforms-field-label\" for=\"wpforms-30754-field_5\">Estudios Cursando\/Finalizados <span class=\"wpforms-required-label\">*<\/span><\/label><select id=\"wpforms-30754-field_5\" class=\"wpforms-field-large wpforms-field-required\" name=\"wpforms[fields][5]\" required=\"required\"><option value=\"\" class=\"placeholder\" disabled  selected='selected'>Selecciona una opci\u00f3n<\/option><option value=\"Ciencias Jur\u00eddicas\"  class=\"choice-1 depth-1\"  >Ciencias Jur\u00eddicas<\/option><option value=\"Estudios Empresariales\"  class=\"choice-2 depth-1\"  >Estudios Empresariales<\/option><option value=\"Ciencias Sociales\"  class=\"choice-3 depth-1\"  >Ciencias Sociales<\/option><option value=\"Ciencias de la Salud\"  class=\"choice-6 depth-1\"  >Ciencias de la Salud<\/option><option value=\"Ciclo Formativo de Grado Superior\"  class=\"choice-5 depth-1\"  >Ciclo Formativo de Grado Superior<\/option><option value=\"Bachiller \/ COU\"  class=\"choice-4 depth-1\"  >Bachiller \/ COU<\/option><option value=\"Otros estudios\"  class=\"choice-7 depth-1\"  >Otros estudios<\/option><\/select><\/div>\t\t<div id=\"wpforms-30754-field_14-container\"\n\t\t\tclass=\"wpforms-field wpforms-field-text\"\n\t\t\tdata-field-type=\"text\"\n\t\t\tdata-field-id=\"14\"\n\t\t\t>\n\t\t\t<label class=\"wpforms-field-label\" for=\"wpforms-30754-field_14\" >est\u00e1s ck_source situaciones?<\/label>\n\t\t\t<input type=\"text\" id=\"wpforms-30754-field_14\" class=\"wpforms-field-medium\" name=\"wpforms[fields][14]\" >\n\t\t<\/div>\n\t\t<div id=\"wpforms-30754-field_6-container\" class=\"wpforms-field wpforms-field-select wpforms-field-select-style-classic\" data-field-type=\"select\" data-field-id=\"6\"><label class=\"wpforms-field-label\" for=\"wpforms-30754-field_6\">\u00bfEn qu\u00e9 programa est\u00e1s interesado\/a? <span class=\"wpforms-required-label\">*<\/span><\/label><select id=\"wpforms-30754-field_6\" class=\"wpforms-field-large wpforms-field-required\" name=\"wpforms[fields][6]\" required=\"required\"><option value=\"\" class=\"placeholder\" disabled  selected='selected'>Selecciona un programa<\/option><option value=\"4566\"  class=\"choice-0 depth-1\"  >Curs universitari d\u2019especialitzaci\u00f3 en mediaci\u00f3 civil, mercantil i familiar<\/option><option value=\"4624\"  class=\"choice-1 depth-1\"  >Curso de Especializaci\u00f3n en Mediaci\u00f3n Civil, Mercantil y Familiar<\/option><option value=\"5399\"  class=\"choice-2 depth-1\"  >Especialidad en mediaci\u00f3n bancaria e hipotecaria<\/option><option value=\"5377\"  class=\"choice-3 depth-1\"  >Especialidad en mediaci\u00f3n civil<\/option><option value=\"5440\"  class=\"choice-4 depth-1\"  >Especialidad en mediaci\u00f3n comunitaria<\/option><option value=\"5413\"  class=\"choice-5 depth-1\"  >Especialidad en mediaci\u00f3n deportiva<\/option><option value=\"5195\"  class=\"choice-6 depth-1\"  >Especialidad en mediaci\u00f3n educativa<\/option><option value=\"5436\"  class=\"choice-7 depth-1\"  >Especialidad en mediaci\u00f3n en accidentes de tr\u00e1fico<\/option><option value=\"5166\"  class=\"choice-8 depth-1\"  >Especialidad en mediaci\u00f3n en comercio internacional<\/option><option value=\"5388\"  class=\"choice-9 depth-1\"  >Especialidad en mediaci\u00f3n en el \u00e1mbito de la edificaci\u00f3n y urbanismo<\/option><option value=\"5234\"  class=\"choice-10 depth-1\"  >Especialidad en Mediaci\u00f3n en materia de consumo<\/option><option value=\"5379\"  class=\"choice-11 depth-1\"  >Especialidad en mediaci\u00f3n familiar<\/option><option value=\"5371\"  class=\"choice-12 depth-1\"  >Especialidad en mediaci\u00f3n intercultural<\/option><option value=\"5375\"  class=\"choice-13 depth-1\"  >Especialidad en mediaci\u00f3n laboral<\/option><option value=\"5381\"  class=\"choice-14 depth-1\"  >Especialidad en mediaci\u00f3n mercantil<\/option><option value=\"5393\"  class=\"choice-15 depth-1\"  >Especialidad en mediaci\u00f3n penal y penitenciaria<\/option><option value=\"5423\"  class=\"choice-16 depth-1\"  >Especialidad en mediaci\u00f3n por medios electr\u00f3nicos (ODR)<\/option><option value=\"5384\"  class=\"choice-17 depth-1\"  >Especialidad en mediaci\u00f3n sanitaria<\/option><option value=\"26400\"  class=\"choice-18 depth-1\"  >Experto en coordinaci\u00f3n de parentalidad<\/option><option value=\"5141\"  class=\"choice-19 depth-1\"  >Experto en mediaci\u00f3n civil, mercantil y familiar<\/option><option value=\"4555\"  class=\"choice-20 depth-1\"  >M\u00e1ster en Mediaci\u00f3n y Gesti\u00f3n de Conflictos Multidisciplinares<\/option><option value=\"33346\"  class=\"choice-21 depth-1\"  >Posgrado en intervenci\u00f3n con menores<\/option><option value=\"43837\"  class=\"choice-22 depth-1\"  >SKR<\/option><\/select><\/div><div id=\"wpforms-30754-field_7-container\" class=\"wpforms-field wpforms-field-select wpforms-field-select-style-classic\" data-field-type=\"select\" data-field-id=\"7\"><label class=\"wpforms-field-label\" for=\"wpforms-30754-field_7\">\u00bfEn qu\u00e9 fecha est\u00e1s interesado\/a? <span class=\"wpforms-required-label\">*<\/span><\/label><select id=\"wpforms-30754-field_7\" class=\"wpforms-field-large wpforms-field-required\" name=\"wpforms[fields][7]\" required=\"required\"><option value=\"\" class=\"placeholder\" disabled  selected='selected'>Selecciona una opci\u00f3n<\/option><option value=\"Inicio inmediato\"  class=\"choice-1 depth-1\"  >Inicio inmediato<\/option><option value=\"Pr\u00f3ximos 3 meses\"  class=\"choice-2 depth-1\"  >Pr\u00f3ximos 3 meses<\/option><option value=\"Pr\u00f3ximos 6 meses\"  class=\"choice-3 depth-1\"  >Pr\u00f3ximos 6 meses<\/option><option value=\"No lo tengo claro\"  class=\"choice-4 depth-1\"  >No lo tengo claro<\/option><\/select><\/div><div id=\"wpforms-30754-field_8-container\" class=\"wpforms-field wpforms-field-url\" data-field-type=\"url\" data-field-id=\"8\"><label class=\"wpforms-field-label\" for=\"wpforms-30754-field_8\">Perfil de LinkedIn<\/label><input type=\"url\" id=\"wpforms-30754-field_8\" class=\"wpforms-field-large\" name=\"wpforms[fields][8]\" placeholder=\"https:\/\/linkedin.com\/in\/\" ><\/div><div id=\"wpforms-30754-field_9-container\" class=\"wpforms-field wpforms-field-select wpforms-field-select-style-classic\" data-field-type=\"select\" data-field-id=\"9\"><label class=\"wpforms-field-label\" for=\"wpforms-30754-field_9\">\u00bfCumples alguna de estas situaciones? <span class=\"wpforms-required-label\">*<\/span><\/label><select id=\"wpforms-30754-field_9\" class=\"wpforms-field-large wpforms-field-required\" name=\"wpforms[fields][9]\" required=\"required\"><option value=\"\" class=\"placeholder\" disabled  selected='selected'>Selecciona una opci\u00f3n<\/option><option value=\"Desempleado\/a\"  class=\"choice-1 depth-1\"  >Desempleado\/a<\/option><option value=\"Estudiante\"  class=\"choice-2 depth-1\"  >Estudiante<\/option><option value=\"Familia numerosa\"  class=\"choice-3 depth-1\"  >Familia numerosa<\/option><option value=\"Trabajador\/a en situaci\u00f3n de ERTE\"  class=\"choice-6 depth-1\"  >Trabajador\/a en situaci\u00f3n de ERTE<\/option><option value=\"No estoy en ninguno de estos casos\"  class=\"choice-5 depth-1\"  >No estoy en ninguno de estos casos<\/option><option value=\"Trabajador\/a aut\u00f3nomo\/a\"  class=\"choice-4 depth-1\"  >Trabajador\/a aut\u00f3nomo\/a<\/option><option value=\"Trabajador\/a por cuenta ajena\"  class=\"choice-7 depth-1\"  >Trabajador\/a por cuenta ajena<\/option><\/select><\/div><div id=\"wpforms-30754-field_16-container\" class=\"wpforms-field wpforms-field-checkbox\" data-field-type=\"checkbox\" data-field-id=\"16\"><label class=\"wpforms-field-label wpforms-label-hide\">Casillas de verificaci\u00f3n <span class=\"wpforms-required-label\">*<\/span><\/label><ul id=\"wpforms-30754-field_16\" class=\"wpforms-field-required\"><li class=\"choice-1 depth-1\"><input type=\"checkbox\" id=\"wpforms-30754-field_16_1\" name=\"wpforms[fields][16][]\" value=\"He le\u00eddo y acepto la &lt;a href=&quot;https:\/\/eimediacion.edu.es\/politica-privacidad\/&quot;&gt;pol\u00edtica de privacidad*&lt;\/a&gt;\" required ><label class=\"wpforms-field-label-inline\" for=\"wpforms-30754-field_16_1\">He le\u00eddo y acepto la <a href=\"https:\/\/eimediacion.edu.es\/politica-privacidad\/\">pol\u00edtica de privacidad*<\/a><\/label><\/li><\/ul><\/div><div id=\"wpforms-30754-field_10-container\" class=\"wpforms-field wpforms-field-hidden ck_campaign\" data-field-type=\"hidden\" data-field-id=\"10\"><input type=\"hidden\" id=\"wpforms-30754-field_10\" name=\"wpforms[fields][10]\"><\/div><div id=\"wpforms-30754-field_12-container\" class=\"wpforms-field wpforms-field-hidden ck_source\" data-field-type=\"hidden\" data-field-id=\"12\"><input type=\"hidden\" id=\"wpforms-30754-field_12\" name=\"wpforms[fields][12]\"><\/div><div id=\"wpforms-30754-field_11-container\" class=\"wpforms-field wpforms-field-hidden ck_medium\" data-field-type=\"hidden\" data-field-id=\"11\"><input type=\"hidden\" id=\"wpforms-30754-field_11\" name=\"wpforms[fields][11]\"><\/div><div id=\"wpforms-30754-field_17-container\" class=\"wpforms-field wpforms-field-hidden\" data-field-type=\"hidden\" data-field-id=\"17\"><input type=\"hidden\" id=\"wpforms-30754-field_17\" name=\"wpforms[fields][17]\"><\/div><div id=\"wpforms-30754-field_13-container\" class=\"wpforms-field wpforms-field-hidden\" data-field-type=\"hidden\" data-field-id=\"13\"><input type=\"hidden\" id=\"wpforms-30754-field_13\" name=\"wpforms[fields][13]\" value=\"https:\/\/eimediacion.edu.es\/cat\/wp-json\/wp\/v2\/pages\/27290\"><\/div><script>\n\t\t\t\t( function() {\n\t\t\t\t\tconst style = document.createElement( 'style' );\n\t\t\t\t\tstyle.appendChild( document.createTextNode( '#wpforms-30754-field_14-container { position: absolute !important; overflow: hidden !important; display: inline !important; height: 1px !important; width: 1px !important; z-index: -1000 !important; padding: 0 !important; } #wpforms-30754-field_14-container input { visibility: hidden; } #wpforms-conversational-form-page #wpforms-30754-field_14-container label { counter-increment: none; }' ) );\n\t\t\t\t\tdocument.head.appendChild( style );\n\t\t\t\t\tdocument.currentScript?.remove();\n\t\t\t\t} )();\n\t\t\t<\/script><\/div><!-- .wpforms-field-container --><div class=\"wpforms-submit-container\" ><input type=\"hidden\" name=\"wpforms[id]\" value=\"30754\"><input type=\"hidden\" name=\"page_title\" value=\"\"><input type=\"hidden\" name=\"page_url\" value=\"https:\/\/eimediacion.edu.es\/cat\/wp-json\/wp\/v2\/pages\/27290\"><input type=\"hidden\" name=\"url_referer\" value=\"\"><button type=\"submit\" name=\"wpforms[submit]\" id=\"wpforms-submit-30754\" class=\"wpforms-submit\" data-alt-text=\"Enviando...\" data-submit-text=\"Solicitar adminisi\u00f3n\" aria-live=\"assertive\" value=\"wpforms-submit\">Solicitar adminisi\u00f3n<\/button><img loading=\"lazy\" decoding=\"async\" src=\"https:\/\/eimediacion.edu.es\/wp-content\/plugins\/wpforms\/assets\/images\/submit-spin.svg\" class=\"wpforms-submit-spinner\" style=\"display: none;\" width=\"26\" height=\"26\" alt=\"S&#039;est\u00e0 carregant\" title=\"\"><\/div><\/form><\/div>  <!-- .wpforms-container -->\n<\/div><\/div>\n<\/div><\/div>","protected":false},"excerpt":{"rendered":"<p>Beneficia&#039;t de les nostres Beques Consulta al nostre departament d&#039;admissions Vols formar-te com a mediador\/a? Empleneu la seg\u00fcent sol\u00b7licitud d&#039;admissi\u00f3<\/p>","protected":false},"author":3,"featured_media":0,"parent":0,"menu_order":0,"comment_status":"closed","ping_status":"closed","template":"","meta":{"inline_featured_image":false,"footnotes":""},"class_list":["post-27290","page","type-page","status-publish"],"_links":{"self":[{"href":"https:\/\/eimediacion.edu.es\/cat\/wp-json\/wp\/v2\/pages\/27290","targetHints":{"allow":["GET"]}}],"collection":[{"href":"https:\/\/eimediacion.edu.es\/cat\/wp-json\/wp\/v2\/pages"}],"about":[{"href":"https:\/\/eimediacion.edu.es\/cat\/wp-json\/wp\/v2\/types\/page"}],"author":[{"embeddable":true,"href":"https:\/\/eimediacion.edu.es\/cat\/wp-json\/wp\/v2\/users\/3"}],"replies":[{"embeddable":true,"href":"https:\/\/eimediacion.edu.es\/cat\/wp-json\/wp\/v2\/comments?post=27290"}],"version-history":[{"count":1,"href":"https:\/\/eimediacion.edu.es\/cat\/wp-json\/wp\/v2\/pages\/27290\/revisions"}],"predecessor-version":[{"id":44101,"href":"https:\/\/eimediacion.edu.es\/cat\/wp-json\/wp\/v2\/pages\/27290\/revisions\/44101"}],"wp:attachment":[{"href":"https:\/\/eimediacion.edu.es\/cat\/wp-json\/wp\/v2\/media?parent=27290"}],"curies":[{"name":"wp","href":"https:\/\/api.w.org\/{rel}","templated":true}]}}